{"id":43789,"date":"2026-02-24T11:32:15","date_gmt":"2026-02-24T10:32:15","guid":{"rendered":"https:\/\/imprimeideas.es\/?post_type=product&p=43789"},"modified":"2026-02-26T18:32:48","modified_gmt":"2026-02-26T17:32:48","slug":"neceser-chiril-fairtrade","status":"publish","type":"product","link":"https:\/\/imprimeideas.es\/en\/product\/neceser-chiril-fairtrade\/","title":{"rendered":"Neceser Chiril Fairtrade"},"content":{"rendered":"<p>Neceser de l\u00ednea nature, fabricado en algod\u00f3n 100% y yute laminado. Con certificaci\u00f3n Fairtrade (Comercio Justo), un sistema comercial solidario y alternativo al convencional que persigue el desarrollo de los pueblos y la lucha contra la pobreza. Compartimento principal con cierre de cremallera y tirador met\u00e1lico, con base en tono natural yute y parte frontal superior disponible en tono natural de algod\u00f3n. Con pr\u00e1ctico cord\u00f3n en una esquina para poder cogerlo. Incluida etiqueta Fairtrade y etiqueta con logotipo en cart\u00f3n reciclado.<\/p>","protected":false},"excerpt":{"rendered":"<p>Neceser de l\u00ednea nature, fabricado en algod\u00f3n 100% y yute laminado. Con certificaci\u00f3n Fairtrade (Comercio Justo), un sistema comercial solidario<\/p>","protected":false},"featured_media":70102,"comment_status":"open","ping_status":"open","template":"","meta":{"inline_featured_image":false},"product_brand":[],"product_cat":[122,107],"product_tag":[],"class_list":{"0":"post-43789","1":"product","2":"type-product","3":"status-publish","4":"has-post-thumbnail","6":"product_cat-articulos-sostenibles","7":"product_cat-cuidado-personal-y-pharma","9":"first","10":"outofstock","11":"taxable","12":"shipping-taxable","13":"purchasable","14":"product-type-variable","15":"has-default-attributes"},"aioseo_notices":[],"_links":{"self":[{"href":"https:\/\/imprimeideas.es\/en\/wp-json\/wp\/v2\/product\/43789","targetHints":{"allow":["GET"]}}],"collection":[{"href":"https:\/\/imprimeideas.es\/en\/wp-json\/wp\/v2\/product"}],"about":[{"href":"https:\/\/imprimeideas.es\/en\/wp-json\/wp\/v2\/types\/product"}],"replies":[{"embeddable":true,"href":"https:\/\/imprimeideas.es\/en\/wp-json\/wp\/v2\/comments?post=43789"}],"version-history":[{"count":1,"href":"https:\/\/imprimeideas.es\/en\/wp-json\/wp\/v2\/product\/43789\/revisions"}],"predecessor-version":[{"id":55316,"href":"https:\/\/imprimeideas.es\/en\/wp-json\/wp\/v2\/product\/43789\/revisions\/55316"}],"wp:featuredmedia":[{"embeddable":true,"href":"https:\/\/imprimeideas.es\/en\/wp-json\/wp\/v2\/media\/70102"}],"wp:attachment":[{"href":"https:\/\/imprimeideas.es\/en\/wp-json\/wp\/v2\/media?parent=43789"}],"wp:term":[{"taxonomy":"product_brand","embeddable":true,"href":"https:\/\/imprimeideas.es\/en\/wp-json\/wp\/v2\/product_brand?post=43789"},{"taxonomy":"product_cat","embeddable":true,"href":"https:\/\/imprimeideas.es\/en\/wp-json\/wp\/v2\/product_cat?post=43789"},{"taxonomy":"product_tag","embeddable":true,"href":"https:\/\/imprimeideas.es\/en\/wp-json\/wp\/v2\/product_tag?post=43789"}],"curies":[{"name":"wp","href":"https:\/\/api.w.org\/{rel}","templated":true}]}}