{"id":43765,"date":"2026-02-24T11:32:12","date_gmt":"2026-02-24T10:32:12","guid":{"rendered":"https:\/\/imprimeideas.es\/?post_type=product&p=43765"},"modified":"2026-02-26T18:32:51","modified_gmt":"2026-02-26T17:32:51","slug":"neceser-kasmie","status":"publish","type":"product","link":"https:\/\/imprimeideas.es\/en\/product\/neceser-kasmie\/","title":{"rendered":"Neceser Kasmie"},"content":{"rendered":"<p>Neceser multiusos en combinaci\u00f3n de yute laminado y algod\u00f3n natural. Con cierre de cremallera y tirador en yute a juego. Parte central de algod\u00f3n en variados colores.<\/p>","protected":false},"excerpt":{"rendered":"<p>Neceser multiusos en combinaci\u00f3n de yute laminado y algod\u00f3n natural. Con cierre de cremallera y tirador en yute a juego.<\/p>","protected":false},"featured_media":85268,"comment_status":"open","ping_status":"open","template":"","meta":{"inline_featured_image":false},"product_brand":[],"product_cat":[122,107,114],"product_tag":[],"class_list":{"0":"post-43765","1":"product","2":"type-product","3":"status-publish","4":"has-post-thumbnail","6":"product_cat-articulos-sostenibles","7":"product_cat-cuidado-personal-y-pharma","8":"product_cat-verano-y-playa","10":"first","11":"instock","12":"taxable","13":"shipping-taxable","14":"purchasable","15":"product-type-variable","16":"has-default-attributes"},"aioseo_notices":[],"_links":{"self":[{"href":"https:\/\/imprimeideas.es\/en\/wp-json\/wp\/v2\/product\/43765","targetHints":{"allow":["GET"]}}],"collection":[{"href":"https:\/\/imprimeideas.es\/en\/wp-json\/wp\/v2\/product"}],"about":[{"href":"https:\/\/imprimeideas.es\/en\/wp-json\/wp\/v2\/types\/product"}],"replies":[{"embeddable":true,"href":"https:\/\/imprimeideas.es\/en\/wp-json\/wp\/v2\/comments?post=43765"}],"version-history":[{"count":1,"href":"https:\/\/imprimeideas.es\/en\/wp-json\/wp\/v2\/product\/43765\/revisions"}],"predecessor-version":[{"id":55309,"href":"https:\/\/imprimeideas.es\/en\/wp-json\/wp\/v2\/product\/43765\/revisions\/55309"}],"wp:featuredmedia":[{"embeddable":true,"href":"https:\/\/imprimeideas.es\/en\/wp-json\/wp\/v2\/media\/85268"}],"wp:attachment":[{"href":"https:\/\/imprimeideas.es\/en\/wp-json\/wp\/v2\/media?parent=43765"}],"wp:term":[{"taxonomy":"product_brand","embeddable":true,"href":"https:\/\/imprimeideas.es\/en\/wp-json\/wp\/v2\/product_brand?post=43765"},{"taxonomy":"product_cat","embeddable":true,"href":"https:\/\/imprimeideas.es\/en\/wp-json\/wp\/v2\/product_cat?post=43765"},{"taxonomy":"product_tag","embeddable":true,"href":"https:\/\/imprimeideas.es\/en\/wp-json\/wp\/v2\/product_tag?post=43765"}],"curies":[{"name":"wp","href":"https:\/\/api.w.org\/{rel}","templated":true}]}}