{"id":43761,"date":"2026-02-24T11:32:12","date_gmt":"2026-02-24T10:32:12","guid":{"rendered":"https:\/\/imprimeideas.es\/?post_type=product&p=43761"},"modified":"2026-02-26T18:19:42","modified_gmt":"2026-02-26T17:19:42","slug":"neceser-gean","status":"publish","type":"product","link":"https:\/\/imprimeideas.es\/en\/product\/neceser-gean\/","title":{"rendered":"Neceser Gean"},"content":{"rendered":"<p>Neceser fabricado en RPET para guardar los objetos de higiene personal, con pr\u00e1ctico gancho para poder sujetarlo en cualquier sitio. Pr\u00e1ctico Interior con bolsillos de redecilla transpirables, que permiten ver los objetos que hay dentro. Con logotipo RPET en etiqueta. Disponible en varios colores y presentado en una bolsa individual reciclada. El material RPET se elabora a partir de pl\u00e1stico reciclado, para as\u00ed fomentar la reutilizaci\u00f3n de residuos pl\u00e1sticos y ayudar a la sostenibilidad del planeta.<\/p>","protected":false},"excerpt":{"rendered":"<p>Neceser fabricado en RPET para guardar los objetos de higiene personal, con pr\u00e1ctico gancho para poder sujetarlo en cualquier sitio.<\/p>","protected":false},"featured_media":69109,"comment_status":"open","ping_status":"open","template":"","meta":{"inline_featured_image":false},"product_brand":[],"product_cat":[122,107],"product_tag":[],"class_list":{"0":"post-43761","1":"product","2":"type-product","3":"status-publish","4":"has-post-thumbnail","6":"product_cat-articulos-sostenibles","7":"product_cat-cuidado-personal-y-pharma","9":"first","10":"instock","11":"taxable","12":"shipping-taxable","13":"purchasable","14":"product-type-variable","15":"has-default-attributes"},"aioseo_notices":[],"_links":{"self":[{"href":"https:\/\/imprimeideas.es\/en\/wp-json\/wp\/v2\/product\/43761","targetHints":{"allow":["GET"]}}],"collection":[{"href":"https:\/\/imprimeideas.es\/en\/wp-json\/wp\/v2\/product"}],"about":[{"href":"https:\/\/imprimeideas.es\/en\/wp-json\/wp\/v2\/types\/product"}],"replies":[{"embeddable":true,"href":"https:\/\/imprimeideas.es\/en\/wp-json\/wp\/v2\/comments?post=43761"}],"version-history":[{"count":1,"href":"https:\/\/imprimeideas.es\/en\/wp-json\/wp\/v2\/product\/43761\/revisions"}],"predecessor-version":[{"id":55308,"href":"https:\/\/imprimeideas.es\/en\/wp-json\/wp\/v2\/product\/43761\/revisions\/55308"}],"wp:featuredmedia":[{"embeddable":true,"href":"https:\/\/imprimeideas.es\/en\/wp-json\/wp\/v2\/media\/69109"}],"wp:attachment":[{"href":"https:\/\/imprimeideas.es\/en\/wp-json\/wp\/v2\/media?parent=43761"}],"wp:term":[{"taxonomy":"product_brand","embeddable":true,"href":"https:\/\/imprimeideas.es\/en\/wp-json\/wp\/v2\/product_brand?post=43761"},{"taxonomy":"product_cat","embeddable":true,"href":"https:\/\/imprimeideas.es\/en\/wp-json\/wp\/v2\/product_cat?post=43761"},{"taxonomy":"product_tag","embeddable":true,"href":"https:\/\/imprimeideas.es\/en\/wp-json\/wp\/v2\/product_tag?post=43761"}],"curies":[{"name":"wp","href":"https:\/\/api.w.org\/{rel}","templated":true}]}}