{"id":43736,"date":"2026-02-24T11:32:09","date_gmt":"2026-02-24T10:32:09","guid":{"rendered":"https:\/\/imprimeideas.es\/?post_type=product&p=43736"},"modified":"2026-02-26T18:03:04","modified_gmt":"2026-02-26T17:03:04","slug":"taza-saryne","status":"publish","type":"product","link":"https:\/\/imprimeideas.es\/en\/product\/taza-saryne\/","title":{"rendered":"Taza Saryne"},"content":{"rendered":"<p>Taza de cristal de borosilicato con 450 ml de capacidad. Distinguido dise\u00f1o en combinaci\u00f3n de cristal con corcho, en variada gama de colores transl\u00facidos. Presentada en caja individual acabado kraft.Elaborado con elementos vegetales para as\u00ed fomentar la utilizaci\u00f3n de materias primas naturales y reducir las emisiones contaminantes.Fabricado en cristal de borosilicato, que ofrece una resistencia y durabilidad excepcionales, alargando su vida \u00fatil y pudiendo ser reutilizado infinidad de veces.<\/p>","protected":false},"excerpt":{"rendered":"<p>450 ml<\/p>","protected":false},"featured_media":78165,"comment_status":"open","ping_status":"open","template":"","meta":{"inline_featured_image":false},"product_brand":[],"product_cat":[122,97],"product_tag":[],"class_list":{"0":"post-43736","1":"product","2":"type-product","3":"status-publish","4":"has-post-thumbnail","6":"product_cat-articulos-sostenibles","7":"product_cat-tazas-jarras-y-termos","9":"first","10":"instock","11":"taxable","12":"shipping-taxable","13":"purchasable","14":"product-type-variable","15":"has-default-attributes"},"aioseo_notices":[],"_links":{"self":[{"href":"https:\/\/imprimeideas.es\/en\/wp-json\/wp\/v2\/product\/43736","targetHints":{"allow":["GET"]}}],"collection":[{"href":"https:\/\/imprimeideas.es\/en\/wp-json\/wp\/v2\/product"}],"about":[{"href":"https:\/\/imprimeideas.es\/en\/wp-json\/wp\/v2\/types\/product"}],"replies":[{"embeddable":true,"href":"https:\/\/imprimeideas.es\/en\/wp-json\/wp\/v2\/comments?post=43736"}],"version-history":[{"count":1,"href":"https:\/\/imprimeideas.es\/en\/wp-json\/wp\/v2\/product\/43736\/revisions"}],"predecessor-version":[{"id":55302,"href":"https:\/\/imprimeideas.es\/en\/wp-json\/wp\/v2\/product\/43736\/revisions\/55302"}],"wp:featuredmedia":[{"embeddable":true,"href":"https:\/\/imprimeideas.es\/en\/wp-json\/wp\/v2\/media\/78165"}],"wp:attachment":[{"href":"https:\/\/imprimeideas.es\/en\/wp-json\/wp\/v2\/media?parent=43736"}],"wp:term":[{"taxonomy":"product_brand","embeddable":true,"href":"https:\/\/imprimeideas.es\/en\/wp-json\/wp\/v2\/product_brand?post=43736"},{"taxonomy":"product_cat","embeddable":true,"href":"https:\/\/imprimeideas.es\/en\/wp-json\/wp\/v2\/product_cat?post=43736"},{"taxonomy":"product_tag","embeddable":true,"href":"https:\/\/imprimeideas.es\/en\/wp-json\/wp\/v2\/product_tag?post=43736"}],"curies":[{"name":"wp","href":"https:\/\/api.w.org\/{rel}","templated":true}]}}