{"id":43705,"date":"2026-02-24T11:32:06","date_gmt":"2026-02-24T10:32:06","guid":{"rendered":"https:\/\/imprimeideas.es\/?post_type=product&p=43705"},"modified":"2026-02-26T18:13:41","modified_gmt":"2026-02-26T17:13:41","slug":"taza-kubaya","status":"publish","type":"product","link":"https:\/\/imprimeideas.es\/en\/product\/taza-kubaya\/","title":{"rendered":"Taza Kubaya"},"content":{"rendered":"<p>Taza de cer\u00e1mica con 420 ml de capacidad. Distinguido dise\u00f1o con asa cuadrada en combinaci\u00f3n de interior en color blanco y exterior en variada gama de colores mate. Presentada en caja individual acabado kraft.<\/p>","protected":false},"excerpt":{"rendered":"<p>420 ml<\/p>","protected":false},"featured_media":71034,"comment_status":"open","ping_status":"open","template":"","meta":{"inline_featured_image":false},"product_brand":[],"product_cat":[97],"product_tag":[],"class_list":{"0":"post-43705","1":"product","2":"type-product","3":"status-publish","4":"has-post-thumbnail","6":"product_cat-tazas-jarras-y-termos","8":"first","9":"instock","10":"taxable","11":"shipping-taxable","12":"purchasable","13":"product-type-variable","14":"has-default-attributes"},"aioseo_notices":[],"_links":{"self":[{"href":"https:\/\/imprimeideas.es\/en\/wp-json\/wp\/v2\/product\/43705","targetHints":{"allow":["GET"]}}],"collection":[{"href":"https:\/\/imprimeideas.es\/en\/wp-json\/wp\/v2\/product"}],"about":[{"href":"https:\/\/imprimeideas.es\/en\/wp-json\/wp\/v2\/types\/product"}],"replies":[{"embeddable":true,"href":"https:\/\/imprimeideas.es\/en\/wp-json\/wp\/v2\/comments?post=43705"}],"version-history":[{"count":1,"href":"https:\/\/imprimeideas.es\/en\/wp-json\/wp\/v2\/product\/43705\/revisions"}],"predecessor-version":[{"id":55296,"href":"https:\/\/imprimeideas.es\/en\/wp-json\/wp\/v2\/product\/43705\/revisions\/55296"}],"wp:featuredmedia":[{"embeddable":true,"href":"https:\/\/imprimeideas.es\/en\/wp-json\/wp\/v2\/media\/71034"}],"wp:attachment":[{"href":"https:\/\/imprimeideas.es\/en\/wp-json\/wp\/v2\/media?parent=43705"}],"wp:term":[{"taxonomy":"product_brand","embeddable":true,"href":"https:\/\/imprimeideas.es\/en\/wp-json\/wp\/v2\/product_brand?post=43705"},{"taxonomy":"product_cat","embeddable":true,"href":"https:\/\/imprimeideas.es\/en\/wp-json\/wp\/v2\/product_cat?post=43705"},{"taxonomy":"product_tag","embeddable":true,"href":"https:\/\/imprimeideas.es\/en\/wp-json\/wp\/v2\/product_tag?post=43705"}],"curies":[{"name":"wp","href":"https:\/\/api.w.org\/{rel}","templated":true}]}}