{"id":43683,"date":"2026-02-24T11:32:04","date_gmt":"2026-02-24T10:32:04","guid":{"rendered":"https:\/\/imprimeideas.es\/?post_type=product&p=43683"},"modified":"2026-02-26T18:27:58","modified_gmt":"2026-02-26T17:27:58","slug":"tarro-sublimacion-fonix","status":"publish","type":"product","link":"https:\/\/imprimeideas.es\/en\/product\/tarro-sublimacion-fonix\/","title":{"rendered":"Tarro Sublimaci\u00f3n Fonix"},"content":{"rendered":"<p>Tarro de sublimaci\u00f3n con cuerpo fabricado en resistente cristal mate, con 400 ml de capacidad. Tapa en bamb\u00fa a presi\u00f3n con orificio para pajita (pajita incluida y fabricada en acero inox). Especialmente dise\u00f1ada para marcaje en sublimaci\u00f3n. Presentada en caja individual kraft.<\/p>","protected":false},"excerpt":{"rendered":"<p>400 ml<\/p>","protected":false},"featured_media":48407,"comment_status":"open","ping_status":"open","template":"","meta":{"inline_featured_image":false},"product_brand":[],"product_cat":[122,115,97],"product_tag":[],"class_list":{"0":"post-43683","1":"product","2":"type-product","3":"status-publish","4":"has-post-thumbnail","6":"product_cat-articulos-sostenibles","7":"product_cat-sublimacion","8":"product_cat-tazas-jarras-y-termos","10":"first","11":"outofstock","12":"taxable","13":"shipping-taxable","14":"purchasable","15":"product-type-variable","16":"has-default-attributes"},"aioseo_notices":[],"_links":{"self":[{"href":"https:\/\/imprimeideas.es\/en\/wp-json\/wp\/v2\/product\/43683","targetHints":{"allow":["GET"]}}],"collection":[{"href":"https:\/\/imprimeideas.es\/en\/wp-json\/wp\/v2\/product"}],"about":[{"href":"https:\/\/imprimeideas.es\/en\/wp-json\/wp\/v2\/types\/product"}],"replies":[{"embeddable":true,"href":"https:\/\/imprimeideas.es\/en\/wp-json\/wp\/v2\/comments?post=43683"}],"version-history":[{"count":1,"href":"https:\/\/imprimeideas.es\/en\/wp-json\/wp\/v2\/product\/43683\/revisions"}],"predecessor-version":[{"id":55292,"href":"https:\/\/imprimeideas.es\/en\/wp-json\/wp\/v2\/product\/43683\/revisions\/55292"}],"wp:featuredmedia":[{"embeddable":true,"href":"https:\/\/imprimeideas.es\/en\/wp-json\/wp\/v2\/media\/48407"}],"wp:attachment":[{"href":"https:\/\/imprimeideas.es\/en\/wp-json\/wp\/v2\/media?parent=43683"}],"wp:term":[{"taxonomy":"product_brand","embeddable":true,"href":"https:\/\/imprimeideas.es\/en\/wp-json\/wp\/v2\/product_brand?post=43683"},{"taxonomy":"product_cat","embeddable":true,"href":"https:\/\/imprimeideas.es\/en\/wp-json\/wp\/v2\/product_cat?post=43683"},{"taxonomy":"product_tag","embeddable":true,"href":"https:\/\/imprimeideas.es\/en\/wp-json\/wp\/v2\/product_tag?post=43683"}],"curies":[{"name":"wp","href":"https:\/\/api.w.org\/{rel}","templated":true}]}}