{"id":43681,"date":"2026-02-24T11:32:03","date_gmt":"2026-02-24T10:32:03","guid":{"rendered":"https:\/\/imprimeideas.es\/?post_type=product&p=43681"},"modified":"2026-02-26T18:23:16","modified_gmt":"2026-02-26T17:23:16","slug":"jarra-sublimacion-heim","status":"publish","type":"product","link":"https:\/\/imprimeideas.es\/en\/product\/jarra-sublimacion-heim\/","title":{"rendered":"Jarra Sublimaci\u00f3n Heim"},"content":{"rendered":"<p>Jarra de cer\u00e1mica en elegante acabado blanco para los m\u00e1s cerveceros, de 700 ml de capacidad y con c\u00f3moda asa. Especialmente dise\u00f1ada para el marcaje en sublimaci\u00f3n y presentada en caja individual kraft.<\/p>","protected":false},"excerpt":{"rendered":"<p>700 ml<\/p>","protected":false},"featured_media":79049,"comment_status":"open","ping_status":"open","template":"","meta":{"inline_featured_image":false},"product_brand":[],"product_cat":[115,97,105],"product_tag":[],"class_list":{"0":"post-43681","1":"product","2":"type-product","3":"status-publish","4":"has-post-thumbnail","6":"product_cat-sublimacion","7":"product_cat-tazas-jarras-y-termos","8":"product_cat-vino-accesorios-de-bebida-y-hosteleria","10":"first","11":"instock","12":"taxable","13":"shipping-taxable","14":"purchasable","15":"product-type-variable","16":"has-default-attributes"},"aioseo_notices":[],"_links":{"self":[{"href":"https:\/\/imprimeideas.es\/en\/wp-json\/wp\/v2\/product\/43681","targetHints":{"allow":["GET"]}}],"collection":[{"href":"https:\/\/imprimeideas.es\/en\/wp-json\/wp\/v2\/product"}],"about":[{"href":"https:\/\/imprimeideas.es\/en\/wp-json\/wp\/v2\/types\/product"}],"replies":[{"embeddable":true,"href":"https:\/\/imprimeideas.es\/en\/wp-json\/wp\/v2\/comments?post=43681"}],"version-history":[{"count":1,"href":"https:\/\/imprimeideas.es\/en\/wp-json\/wp\/v2\/product\/43681\/revisions"}],"predecessor-version":[{"id":55291,"href":"https:\/\/imprimeideas.es\/en\/wp-json\/wp\/v2\/product\/43681\/revisions\/55291"}],"wp:featuredmedia":[{"embeddable":true,"href":"https:\/\/imprimeideas.es\/en\/wp-json\/wp\/v2\/media\/79049"}],"wp:attachment":[{"href":"https:\/\/imprimeideas.es\/en\/wp-json\/wp\/v2\/media?parent=43681"}],"wp:term":[{"taxonomy":"product_brand","embeddable":true,"href":"https:\/\/imprimeideas.es\/en\/wp-json\/wp\/v2\/product_brand?post=43681"},{"taxonomy":"product_cat","embeddable":true,"href":"https:\/\/imprimeideas.es\/en\/wp-json\/wp\/v2\/product_cat?post=43681"},{"taxonomy":"product_tag","embeddable":true,"href":"https:\/\/imprimeideas.es\/en\/wp-json\/wp\/v2\/product_tag?post=43681"}],"curies":[{"name":"wp","href":"https:\/\/api.w.org\/{rel}","templated":true}]}}