{"id":43674,"date":"2026-02-24T11:32:03","date_gmt":"2026-02-24T10:32:03","guid":{"rendered":"https:\/\/imprimeideas.es\/?post_type=product&p=43674"},"modified":"2026-02-26T18:08:07","modified_gmt":"2026-02-26T17:08:07","slug":"taza-sublimacion-osaka","status":"publish","type":"product","link":"https:\/\/imprimeideas.es\/en\/product\/taza-sublimacion-osaka\/","title":{"rendered":"Taza Sublimaci\u00f3n Osaka"},"content":{"rendered":"<p>Taza de cristal de acabado mate de 350 ml de capacidad. Especialmente dise\u00f1ada para la sublimaci\u00f3n. Disponible en diversos y llamativos colores transl\u00facidos y presentada en caja individual kraft.<\/p>","protected":false},"excerpt":{"rendered":"<p>350 ml<\/p>","protected":false},"featured_media":84773,"comment_status":"open","ping_status":"open","template":"","meta":{"inline_featured_image":false},"product_brand":[],"product_cat":[115,97],"product_tag":[],"class_list":{"0":"post-43674","1":"product","2":"type-product","3":"status-publish","4":"has-post-thumbnail","6":"product_cat-sublimacion","7":"product_cat-tazas-jarras-y-termos","9":"first","10":"instock","11":"taxable","12":"shipping-taxable","13":"purchasable","14":"product-type-variable","15":"has-default-attributes"},"aioseo_notices":[],"_links":{"self":[{"href":"https:\/\/imprimeideas.es\/en\/wp-json\/wp\/v2\/product\/43674","targetHints":{"allow":["GET"]}}],"collection":[{"href":"https:\/\/imprimeideas.es\/en\/wp-json\/wp\/v2\/product"}],"about":[{"href":"https:\/\/imprimeideas.es\/en\/wp-json\/wp\/v2\/types\/product"}],"replies":[{"embeddable":true,"href":"https:\/\/imprimeideas.es\/en\/wp-json\/wp\/v2\/comments?post=43674"}],"version-history":[{"count":1,"href":"https:\/\/imprimeideas.es\/en\/wp-json\/wp\/v2\/product\/43674\/revisions"}],"predecessor-version":[{"id":55290,"href":"https:\/\/imprimeideas.es\/en\/wp-json\/wp\/v2\/product\/43674\/revisions\/55290"}],"wp:featuredmedia":[{"embeddable":true,"href":"https:\/\/imprimeideas.es\/en\/wp-json\/wp\/v2\/media\/84773"}],"wp:attachment":[{"href":"https:\/\/imprimeideas.es\/en\/wp-json\/wp\/v2\/media?parent=43674"}],"wp:term":[{"taxonomy":"product_brand","embeddable":true,"href":"https:\/\/imprimeideas.es\/en\/wp-json\/wp\/v2\/product_brand?post=43674"},{"taxonomy":"product_cat","embeddable":true,"href":"https:\/\/imprimeideas.es\/en\/wp-json\/wp\/v2\/product_cat?post=43674"},{"taxonomy":"product_tag","embeddable":true,"href":"https:\/\/imprimeideas.es\/en\/wp-json\/wp\/v2\/product_tag?post=43674"}],"curies":[{"name":"wp","href":"https:\/\/api.w.org\/{rel}","templated":true}]}}