{"id":43672,"date":"2026-02-24T11:32:02","date_gmt":"2026-02-24T10:32:02","guid":{"rendered":"https:\/\/imprimeideas.es\/?post_type=product&p=43672"},"modified":"2026-02-26T18:13:51","modified_gmt":"2026-02-26T17:13:51","slug":"vaso-sublimacion-loter","status":"publish","type":"product","link":"https:\/\/imprimeideas.es\/en\/product\/vaso-sublimacion-loter\/","title":{"rendered":"Vaso Sublimaci\u00f3n Loter"},"content":{"rendered":"<p>Vaso de cristal de acabado mate de 330 ml de capacidad. Especialmente dise\u00f1ado para la sublimaci\u00f3n y presentado en caja individual kraft.<\/p>","protected":false},"excerpt":{"rendered":"<p>330 ml<\/p>","protected":false},"featured_media":78827,"comment_status":"open","ping_status":"open","template":"","meta":{"inline_featured_image":false},"product_brand":[],"product_cat":[115,97],"product_tag":[],"class_list":{"0":"post-43672","1":"product","2":"type-product","3":"status-publish","4":"has-post-thumbnail","6":"product_cat-sublimacion","7":"product_cat-tazas-jarras-y-termos","9":"first","10":"outofstock","11":"taxable","12":"shipping-taxable","13":"purchasable","14":"product-type-variable","15":"has-default-attributes"},"aioseo_notices":[],"_links":{"self":[{"href":"https:\/\/imprimeideas.es\/en\/wp-json\/wp\/v2\/product\/43672","targetHints":{"allow":["GET"]}}],"collection":[{"href":"https:\/\/imprimeideas.es\/en\/wp-json\/wp\/v2\/product"}],"about":[{"href":"https:\/\/imprimeideas.es\/en\/wp-json\/wp\/v2\/types\/product"}],"replies":[{"embeddable":true,"href":"https:\/\/imprimeideas.es\/en\/wp-json\/wp\/v2\/comments?post=43672"}],"version-history":[{"count":1,"href":"https:\/\/imprimeideas.es\/en\/wp-json\/wp\/v2\/product\/43672\/revisions"}],"predecessor-version":[{"id":55289,"href":"https:\/\/imprimeideas.es\/en\/wp-json\/wp\/v2\/product\/43672\/revisions\/55289"}],"wp:featuredmedia":[{"embeddable":true,"href":"https:\/\/imprimeideas.es\/en\/wp-json\/wp\/v2\/media\/78827"}],"wp:attachment":[{"href":"https:\/\/imprimeideas.es\/en\/wp-json\/wp\/v2\/media?parent=43672"}],"wp:term":[{"taxonomy":"product_brand","embeddable":true,"href":"https:\/\/imprimeideas.es\/en\/wp-json\/wp\/v2\/product_brand?post=43672"},{"taxonomy":"product_cat","embeddable":true,"href":"https:\/\/imprimeideas.es\/en\/wp-json\/wp\/v2\/product_cat?post=43672"},{"taxonomy":"product_tag","embeddable":true,"href":"https:\/\/imprimeideas.es\/en\/wp-json\/wp\/v2\/product_tag?post=43672"}],"curies":[{"name":"wp","href":"https:\/\/api.w.org\/{rel}","templated":true}]}}