{"id":43660,"date":"2026-02-24T11:31:31","date_gmt":"2026-02-24T10:31:31","guid":{"rendered":"https:\/\/imprimeideas.es\/?post_type=product&p=43660"},"modified":"2026-02-26T18:32:48","modified_gmt":"2026-02-26T17:32:48","slug":"gorra-nino-lemkin","status":"publish","type":"product","link":"https:\/\/imprimeideas.es\/en\/product\/gorra-nino-lemkin\/","title":{"rendered":"Gorra Ni\u00f1o Lemkin"},"content":{"rendered":"<p>Gorra para ni\u00f1o de 6 paneles en 100% Algod\u00f3n Org\u00e1nico. Cierre ajustable de hebilla met\u00e1lica en color bronce. Etiqueta en interior con logo Algod\u00f3n Org\u00e1nico.<\/p>","protected":false},"excerpt":{"rendered":"<p>6 Paneles. Cierre Hebilla<\/p>","protected":false},"featured_media":84523,"comment_status":"open","ping_status":"open","template":"","meta":{"inline_featured_image":false},"product_brand":[],"product_cat":[122,112,108],"product_tag":[],"class_list":{"0":"post-43660","1":"product","2":"type-product","3":"status-publish","4":"has-post-thumbnail","6":"product_cat-articulos-sostenibles","7":"product_cat-gorras-y-sombreros","8":"product_cat-infantil","10":"first","11":"instock","12":"taxable","13":"shipping-taxable","14":"purchasable","15":"product-type-variable","16":"has-default-attributes"},"aioseo_notices":[],"_links":{"self":[{"href":"https:\/\/imprimeideas.es\/en\/wp-json\/wp\/v2\/product\/43660","targetHints":{"allow":["GET"]}}],"collection":[{"href":"https:\/\/imprimeideas.es\/en\/wp-json\/wp\/v2\/product"}],"about":[{"href":"https:\/\/imprimeideas.es\/en\/wp-json\/wp\/v2\/types\/product"}],"replies":[{"embeddable":true,"href":"https:\/\/imprimeideas.es\/en\/wp-json\/wp\/v2\/comments?post=43660"}],"version-history":[{"count":1,"href":"https:\/\/imprimeideas.es\/en\/wp-json\/wp\/v2\/product\/43660\/revisions"}],"predecessor-version":[{"id":55285,"href":"https:\/\/imprimeideas.es\/en\/wp-json\/wp\/v2\/product\/43660\/revisions\/55285"}],"wp:featuredmedia":[{"embeddable":true,"href":"https:\/\/imprimeideas.es\/en\/wp-json\/wp\/v2\/media\/84523"}],"wp:attachment":[{"href":"https:\/\/imprimeideas.es\/en\/wp-json\/wp\/v2\/media?parent=43660"}],"wp:term":[{"taxonomy":"product_brand","embeddable":true,"href":"https:\/\/imprimeideas.es\/en\/wp-json\/wp\/v2\/product_brand?post=43660"},{"taxonomy":"product_cat","embeddable":true,"href":"https:\/\/imprimeideas.es\/en\/wp-json\/wp\/v2\/product_cat?post=43660"},{"taxonomy":"product_tag","embeddable":true,"href":"https:\/\/imprimeideas.es\/en\/wp-json\/wp\/v2\/product_tag?post=43660"}],"curies":[{"name":"wp","href":"https:\/\/api.w.org\/{rel}","templated":true}]}}