{"id":43652,"date":"2026-02-24T11:31:31","date_gmt":"2026-02-24T10:31:31","guid":{"rendered":"https:\/\/imprimeideas.es\/?post_type=product&p=43652"},"modified":"2026-02-26T18:08:25","modified_gmt":"2026-02-26T17:08:25","slug":"cinta-cabeza-arilyn","status":"publish","type":"product","link":"https:\/\/imprimeideas.es\/en\/product\/cinta-cabeza-arilyn\/","title":{"rendered":"Cinta Cabeza Arilyn"},"content":{"rendered":"<p>Cinta para la cabeza fabricada en suave poli\u00e9ster. Esta banda el\u00e1stica de alta calidad destaca por sus vivos colores y su ancho de 8 cm. Presentaci\u00f3n en bolsa individual.<\/p>","protected":false},"excerpt":{"rendered":"<p>Cinta para la cabeza fabricada en suave poli\u00e9ster. Esta banda el\u00e1stica de alta calidad destaca por sus vivos colores y<\/p>","protected":false},"featured_media":74183,"comment_status":"open","ping_status":"open","template":"","meta":{"inline_featured_image":false},"product_brand":[],"product_cat":[101],"product_tag":[],"class_list":{"0":"post-43652","1":"product","2":"type-product","3":"status-publish","4":"has-post-thumbnail","6":"product_cat-deporte-y-aventura","8":"first","9":"instock","10":"taxable","11":"shipping-taxable","12":"purchasable","13":"product-type-variable","14":"has-default-attributes"},"aioseo_notices":[],"_links":{"self":[{"href":"https:\/\/imprimeideas.es\/en\/wp-json\/wp\/v2\/product\/43652","targetHints":{"allow":["GET"]}}],"collection":[{"href":"https:\/\/imprimeideas.es\/en\/wp-json\/wp\/v2\/product"}],"about":[{"href":"https:\/\/imprimeideas.es\/en\/wp-json\/wp\/v2\/types\/product"}],"replies":[{"embeddable":true,"href":"https:\/\/imprimeideas.es\/en\/wp-json\/wp\/v2\/comments?post=43652"}],"version-history":[{"count":1,"href":"https:\/\/imprimeideas.es\/en\/wp-json\/wp\/v2\/product\/43652\/revisions"}],"predecessor-version":[{"id":55283,"href":"https:\/\/imprimeideas.es\/en\/wp-json\/wp\/v2\/product\/43652\/revisions\/55283"}],"wp:featuredmedia":[{"embeddable":true,"href":"https:\/\/imprimeideas.es\/en\/wp-json\/wp\/v2\/media\/74183"}],"wp:attachment":[{"href":"https:\/\/imprimeideas.es\/en\/wp-json\/wp\/v2\/media?parent=43652"}],"wp:term":[{"taxonomy":"product_brand","embeddable":true,"href":"https:\/\/imprimeideas.es\/en\/wp-json\/wp\/v2\/product_brand?post=43652"},{"taxonomy":"product_cat","embeddable":true,"href":"https:\/\/imprimeideas.es\/en\/wp-json\/wp\/v2\/product_cat?post=43652"},{"taxonomy":"product_tag","embeddable":true,"href":"https:\/\/imprimeideas.es\/en\/wp-json\/wp\/v2\/product_tag?post=43652"}],"curies":[{"name":"wp","href":"https:\/\/api.w.org\/{rel}","templated":true}]}}