{"id":43650,"date":"2026-02-24T11:31:30","date_gmt":"2026-02-24T10:31:30","guid":{"rendered":"https:\/\/imprimeideas.es\/?post_type=product&p=43650"},"modified":"2026-02-25T20:02:06","modified_gmt":"2026-02-25T19:02:06","slug":"boligrafo-multifuncion-tulix","status":"publish","type":"product","link":"https:\/\/imprimeideas.es\/en\/product\/boligrafo-multifuncion-tulix\/","title":{"rendered":"Bol\u00edgrafo Multifunci\u00f3n Tulix"},"content":{"rendered":"<p>Bol\u00edgrafo multifunci\u00f3n 8 en 1 de mecanismo giratorio, fabricado en acero inox. Incluye regla en cm y pulgadas, nivel, abridor, 1 LED alimentado por pila de bot\u00f3n (incluida), puntero, punta plana y philips. Con clip met\u00e1lico y tinta azul. Presentado individualmente en caja de dise\u00f1o kraft.<\/p>","protected":false},"excerpt":{"rendered":"<p>1 Accesorio. 8 Funciones<\/p>","protected":false},"featured_media":70069,"comment_status":"open","ping_status":"open","template":"","meta":{"inline_featured_image":false},"product_brand":[],"product_cat":[100,110],"product_tag":[],"class_list":{"0":"post-43650","1":"product","2":"type-product","3":"status-publish","4":"has-post-thumbnail","6":"product_cat-escritura","7":"product_cat-herramientas-brico-y-automovil","9":"first","10":"outofstock","11":"taxable","12":"shipping-taxable","13":"purchasable","14":"product-type-variable","15":"has-default-attributes"},"aioseo_notices":[],"_links":{"self":[{"href":"https:\/\/imprimeideas.es\/en\/wp-json\/wp\/v2\/product\/43650","targetHints":{"allow":["GET"]}}],"collection":[{"href":"https:\/\/imprimeideas.es\/en\/wp-json\/wp\/v2\/product"}],"about":[{"href":"https:\/\/imprimeideas.es\/en\/wp-json\/wp\/v2\/types\/product"}],"replies":[{"embeddable":true,"href":"https:\/\/imprimeideas.es\/en\/wp-json\/wp\/v2\/comments?post=43650"}],"version-history":[{"count":1,"href":"https:\/\/imprimeideas.es\/en\/wp-json\/wp\/v2\/product\/43650\/revisions"}],"predecessor-version":[{"id":55282,"href":"https:\/\/imprimeideas.es\/en\/wp-json\/wp\/v2\/product\/43650\/revisions\/55282"}],"wp:featuredmedia":[{"embeddable":true,"href":"https:\/\/imprimeideas.es\/en\/wp-json\/wp\/v2\/media\/70069"}],"wp:attachment":[{"href":"https:\/\/imprimeideas.es\/en\/wp-json\/wp\/v2\/media?parent=43650"}],"wp:term":[{"taxonomy":"product_brand","embeddable":true,"href":"https:\/\/imprimeideas.es\/en\/wp-json\/wp\/v2\/product_brand?post=43650"},{"taxonomy":"product_cat","embeddable":true,"href":"https:\/\/imprimeideas.es\/en\/wp-json\/wp\/v2\/product_cat?post=43650"},{"taxonomy":"product_tag","embeddable":true,"href":"https:\/\/imprimeideas.es\/en\/wp-json\/wp\/v2\/product_tag?post=43650"}],"curies":[{"name":"wp","href":"https:\/\/api.w.org\/{rel}","templated":true}]}}