{"id":43642,"date":"2026-02-24T11:31:29","date_gmt":"2026-02-24T10:31:29","guid":{"rendered":"https:\/\/imprimeideas.es\/?post_type=product&p=43642"},"modified":"2026-02-26T18:03:10","modified_gmt":"2026-02-26T17:03:10","slug":"cutter-rowe","status":"publish","type":"product","link":"https:\/\/imprimeideas.es\/en\/product\/cutter-rowe\/","title":{"rendered":"Cutter Rowe"},"content":{"rendered":"<p>Cutter con cuchilla ancha fabricado en ca\u00f1a de trigo. Mango ergon\u00f3mico troquelado con capucha extra\u00edble para ajuste de corte de cuchilla, con mecanismo de bloqueo para mayor seguridad. Con logotipo ca\u00f1a de trigo incluido. Presentado individualmente en bolsa de papel reciclado. La ca\u00f1a de trigo fomenta la utilizaci\u00f3n de materias primas naturales, reduciendo as\u00ed las emisiones contaminantes.<\/p>","protected":false},"excerpt":{"rendered":"<p>Cutter con cuchilla ancha fabricado en ca\u00f1a de trigo. Mango ergon\u00f3mico troquelado con capucha extra\u00edble para ajuste de corte de<\/p>","protected":false},"featured_media":83611,"comment_status":"open","ping_status":"open","template":"","meta":{"inline_featured_image":false},"product_brand":[],"product_cat":[122,110],"product_tag":[],"class_list":{"0":"post-43642","1":"product","2":"type-product","3":"status-publish","4":"has-post-thumbnail","6":"product_cat-articulos-sostenibles","7":"product_cat-herramientas-brico-y-automovil","9":"first","10":"instock","11":"taxable","12":"shipping-taxable","13":"purchasable","14":"product-type-variable","15":"has-default-attributes"},"aioseo_notices":[],"_links":{"self":[{"href":"https:\/\/imprimeideas.es\/en\/wp-json\/wp\/v2\/product\/43642","targetHints":{"allow":["GET"]}}],"collection":[{"href":"https:\/\/imprimeideas.es\/en\/wp-json\/wp\/v2\/product"}],"about":[{"href":"https:\/\/imprimeideas.es\/en\/wp-json\/wp\/v2\/types\/product"}],"replies":[{"embeddable":true,"href":"https:\/\/imprimeideas.es\/en\/wp-json\/wp\/v2\/comments?post=43642"}],"version-history":[{"count":1,"href":"https:\/\/imprimeideas.es\/en\/wp-json\/wp\/v2\/product\/43642\/revisions"}],"predecessor-version":[{"id":55277,"href":"https:\/\/imprimeideas.es\/en\/wp-json\/wp\/v2\/product\/43642\/revisions\/55277"}],"wp:featuredmedia":[{"embeddable":true,"href":"https:\/\/imprimeideas.es\/en\/wp-json\/wp\/v2\/media\/83611"}],"wp:attachment":[{"href":"https:\/\/imprimeideas.es\/en\/wp-json\/wp\/v2\/media?parent=43642"}],"wp:term":[{"taxonomy":"product_brand","embeddable":true,"href":"https:\/\/imprimeideas.es\/en\/wp-json\/wp\/v2\/product_brand?post=43642"},{"taxonomy":"product_cat","embeddable":true,"href":"https:\/\/imprimeideas.es\/en\/wp-json\/wp\/v2\/product_cat?post=43642"},{"taxonomy":"product_tag","embeddable":true,"href":"https:\/\/imprimeideas.es\/en\/wp-json\/wp\/v2\/product_tag?post=43642"}],"curies":[{"name":"wp","href":"https:\/\/api.w.org\/{rel}","templated":true}]}}