{"id":43640,"date":"2026-02-24T11:31:29","date_gmt":"2026-02-24T10:31:29","guid":{"rendered":"https:\/\/imprimeideas.es\/?post_type=product&p=43640"},"modified":"2026-02-26T18:32:56","modified_gmt":"2026-02-26T17:32:56","slug":"set-herramientas-zephyr","status":"publish","type":"product","link":"https:\/\/imprimeideas.es\/en\/product\/set-herramientas-zephyr\/","title":{"rendered":"Set Herramientas Zephyr"},"content":{"rendered":"<p>Pr\u00e1ctico set de herramientas fabricado en ca\u00f1a de trigo y troquelado interior para un perfecto ajuste. Incluye un destornillador de precisi\u00f3n con 24 accesorios, compuesto por diversas puntas: philips, allen y planas. Con logotipo ca\u00f1a de trigo incluido. Presentado individualmente en caja de dise\u00f1o kraft. La ca\u00f1a de trigo fomenta la utilizaci\u00f3n de materias primas naturales, reduciendo as\u00ed las emisiones contaminantes.<\/p>","protected":false},"excerpt":{"rendered":"<p>24 Accesorios<\/p>","protected":false},"featured_media":83639,"comment_status":"open","ping_status":"open","template":"","meta":{"inline_featured_image":false},"product_brand":[],"product_cat":[122,110],"product_tag":[],"class_list":{"0":"post-43640","1":"product","2":"type-product","3":"status-publish","4":"has-post-thumbnail","6":"product_cat-articulos-sostenibles","7":"product_cat-herramientas-brico-y-automovil","9":"first","10":"instock","11":"taxable","12":"shipping-taxable","13":"purchasable","14":"product-type-variable","15":"has-default-attributes"},"aioseo_notices":[],"_links":{"self":[{"href":"https:\/\/imprimeideas.es\/en\/wp-json\/wp\/v2\/product\/43640","targetHints":{"allow":["GET"]}}],"collection":[{"href":"https:\/\/imprimeideas.es\/en\/wp-json\/wp\/v2\/product"}],"about":[{"href":"https:\/\/imprimeideas.es\/en\/wp-json\/wp\/v2\/types\/product"}],"replies":[{"embeddable":true,"href":"https:\/\/imprimeideas.es\/en\/wp-json\/wp\/v2\/comments?post=43640"}],"version-history":[{"count":1,"href":"https:\/\/imprimeideas.es\/en\/wp-json\/wp\/v2\/product\/43640\/revisions"}],"predecessor-version":[{"id":55276,"href":"https:\/\/imprimeideas.es\/en\/wp-json\/wp\/v2\/product\/43640\/revisions\/55276"}],"wp:featuredmedia":[{"embeddable":true,"href":"https:\/\/imprimeideas.es\/en\/wp-json\/wp\/v2\/media\/83639"}],"wp:attachment":[{"href":"https:\/\/imprimeideas.es\/en\/wp-json\/wp\/v2\/media?parent=43640"}],"wp:term":[{"taxonomy":"product_brand","embeddable":true,"href":"https:\/\/imprimeideas.es\/en\/wp-json\/wp\/v2\/product_brand?post=43640"},{"taxonomy":"product_cat","embeddable":true,"href":"https:\/\/imprimeideas.es\/en\/wp-json\/wp\/v2\/product_cat?post=43640"},{"taxonomy":"product_tag","embeddable":true,"href":"https:\/\/imprimeideas.es\/en\/wp-json\/wp\/v2\/product_tag?post=43640"}],"curies":[{"name":"wp","href":"https:\/\/api.w.org\/{rel}","templated":true}]}}