{"id":43636,"date":"2026-02-24T11:31:29","date_gmt":"2026-02-24T10:31:29","guid":{"rendered":"https:\/\/imprimeideas.es\/?post_type=product&p=43636"},"modified":"2026-02-26T18:37:38","modified_gmt":"2026-02-26T17:37:38","slug":"multiherramienta-layla","status":"publish","type":"product","link":"https:\/\/imprimeideas.es\/en\/product\/multiherramienta-layla\/","title":{"rendered":"Multiherramienta Layla"},"content":{"rendered":"<p>Pr\u00e1ctica multiherramienta fabricada en resistente ABS y acero inox, con linterna frontal integrada de 1 LED. Incluye linterna lateral de 19 luces COB con dos posiciones de ilumincaci\u00f3n (fija e intermitente). Dispone de 13 funciones, entre ellas cuchillo liso, de sierra, destornillador philips, tijeras, destornilladores planos, llave para tuercas hexagonales en varios tama\u00f1os, abrelatas, abrebotellas y una lima. Con im\u00e1n de fijacion y asa. Alimentada con 3 pilas AAA, no incluidas. Presentada en caja de dise\u00f1o kraft.<\/p>","protected":false},"excerpt":{"rendered":"<p>1 Led. 19 Luces COB. 2 Posiciones de Luz, Fija e Intermitente. 13 Funciones. Magn\u00e9tico. 3 Pilas AAA No Incluidas<\/p>","protected":false},"featured_media":68083,"comment_status":"open","ping_status":"open","template":"","meta":{"inline_featured_image":false},"product_brand":[],"product_cat":[110],"product_tag":[],"class_list":{"0":"post-43636","1":"product","2":"type-product","3":"status-publish","4":"has-post-thumbnail","6":"product_cat-herramientas-brico-y-automovil","8":"first","9":"instock","10":"taxable","11":"shipping-taxable","12":"purchasable","13":"product-type-variable","14":"has-default-attributes"},"aioseo_notices":[],"_links":{"self":[{"href":"https:\/\/imprimeideas.es\/en\/wp-json\/wp\/v2\/product\/43636","targetHints":{"allow":["GET"]}}],"collection":[{"href":"https:\/\/imprimeideas.es\/en\/wp-json\/wp\/v2\/product"}],"about":[{"href":"https:\/\/imprimeideas.es\/en\/wp-json\/wp\/v2\/types\/product"}],"replies":[{"embeddable":true,"href":"https:\/\/imprimeideas.es\/en\/wp-json\/wp\/v2\/comments?post=43636"}],"version-history":[{"count":1,"href":"https:\/\/imprimeideas.es\/en\/wp-json\/wp\/v2\/product\/43636\/revisions"}],"predecessor-version":[{"id":55274,"href":"https:\/\/imprimeideas.es\/en\/wp-json\/wp\/v2\/product\/43636\/revisions\/55274"}],"wp:featuredmedia":[{"embeddable":true,"href":"https:\/\/imprimeideas.es\/en\/wp-json\/wp\/v2\/media\/68083"}],"wp:attachment":[{"href":"https:\/\/imprimeideas.es\/en\/wp-json\/wp\/v2\/media?parent=43636"}],"wp:term":[{"taxonomy":"product_brand","embeddable":true,"href":"https:\/\/imprimeideas.es\/en\/wp-json\/wp\/v2\/product_brand?post=43636"},{"taxonomy":"product_cat","embeddable":true,"href":"https:\/\/imprimeideas.es\/en\/wp-json\/wp\/v2\/product_cat?post=43636"},{"taxonomy":"product_tag","embeddable":true,"href":"https:\/\/imprimeideas.es\/en\/wp-json\/wp\/v2\/product_tag?post=43636"}],"curies":[{"name":"wp","href":"https:\/\/api.w.org\/{rel}","templated":true}]}}