{"id":43632,"date":"2026-02-24T11:31:28","date_gmt":"2026-02-24T10:31:28","guid":{"rendered":"https:\/\/imprimeideas.es\/?post_type=product&p=43632"},"modified":"2026-02-26T18:19:28","modified_gmt":"2026-02-26T17:19:28","slug":"flexometro-dichen-1m","status":"publish","type":"product","link":"https:\/\/imprimeideas.es\/en\/product\/flexometro-dichen-1m\/","title":{"rendered":"Flex\u00f3metro Dichen 1m"},"content":{"rendered":"<p>Flex\u00f3metro 1 m fabricado en bamb\u00fa, con cuchilla met\u00e1lica en cent\u00ed metros y pulgadas. Con cinta para transporte y presentado en caja de dise\u00f1o kraft. Materiales como el bamb\u00fa fomentan la utilizaci\u00f3n de materias primas naturales reduciendo las emisiones contaminantes. Adem\u00e1s, el bamb\u00fa proviene de una planta de gran resistencia y versatilidad, con crecimiento y regeneraci\u00f3n r\u00e1pida, siendo una excelente alternativa al uso de madera tradicional.<\/p>","protected":false},"excerpt":{"rendered":"<p>Flex\u00f3metro 1 m fabricado en bamb\u00fa, con cuchilla met\u00e1lica en cent\u00ed metros y pulgadas. Con cinta para transporte y presentado<\/p>","protected":false},"featured_media":78471,"comment_status":"open","ping_status":"open","template":"","meta":{"inline_featured_image":false},"product_brand":[],"product_cat":[122,110],"product_tag":[],"class_list":{"0":"post-43632","1":"product","2":"type-product","3":"status-publish","4":"has-post-thumbnail","6":"product_cat-articulos-sostenibles","7":"product_cat-herramientas-brico-y-automovil","9":"first","10":"instock","11":"taxable","12":"shipping-taxable","13":"purchasable","14":"product-type-variable","15":"has-default-attributes"},"aioseo_notices":[],"_links":{"self":[{"href":"https:\/\/imprimeideas.es\/en\/wp-json\/wp\/v2\/product\/43632","targetHints":{"allow":["GET"]}}],"collection":[{"href":"https:\/\/imprimeideas.es\/en\/wp-json\/wp\/v2\/product"}],"about":[{"href":"https:\/\/imprimeideas.es\/en\/wp-json\/wp\/v2\/types\/product"}],"replies":[{"embeddable":true,"href":"https:\/\/imprimeideas.es\/en\/wp-json\/wp\/v2\/comments?post=43632"}],"version-history":[{"count":1,"href":"https:\/\/imprimeideas.es\/en\/wp-json\/wp\/v2\/product\/43632\/revisions"}],"predecessor-version":[{"id":55272,"href":"https:\/\/imprimeideas.es\/en\/wp-json\/wp\/v2\/product\/43632\/revisions\/55272"}],"wp:featuredmedia":[{"embeddable":true,"href":"https:\/\/imprimeideas.es\/en\/wp-json\/wp\/v2\/media\/78471"}],"wp:attachment":[{"href":"https:\/\/imprimeideas.es\/en\/wp-json\/wp\/v2\/media?parent=43632"}],"wp:term":[{"taxonomy":"product_brand","embeddable":true,"href":"https:\/\/imprimeideas.es\/en\/wp-json\/wp\/v2\/product_brand?post=43632"},{"taxonomy":"product_cat","embeddable":true,"href":"https:\/\/imprimeideas.es\/en\/wp-json\/wp\/v2\/product_cat?post=43632"},{"taxonomy":"product_tag","embeddable":true,"href":"https:\/\/imprimeideas.es\/en\/wp-json\/wp\/v2\/product_tag?post=43632"}],"curies":[{"name":"wp","href":"https:\/\/api.w.org\/{rel}","templated":true}]}}