{"id":43627,"date":"2026-02-24T11:31:28","date_gmt":"2026-02-24T10:31:28","guid":{"rendered":"https:\/\/imprimeideas.es\/?post_type=product&p=43627"},"modified":"2026-02-25T16:12:46","modified_gmt":"2026-02-25T15:12:46","slug":"linterna-borah","status":"publish","type":"product","link":"https:\/\/imprimeideas.es\/en\/product\/linterna-borah\/","title":{"rendered":"Linterna Borah"},"content":{"rendered":"<p>Potente linterna con bater\u00eda recargable, fabricada en aluminio de acabado en color negro. Luz frontal con 1 LED y cabezal regulable, para tener un enfoque m\u00e1s focalizado o abierto. Adem\u00e1s, cuenta con 10 luces COB en el mango y tres modos de iluminaci\u00f3n (fija e intermitente de dos velocidades), incluye cinta de trasporte. Se alimenta mediante una bater\u00eda recargable de 400 mAh, incluido cable micro USB. Presentada individualmente en caja de dise\u00f1o.<\/p>","protected":false},"excerpt":{"rendered":"<p>1 Led. 10 Luces COB. 2 Posiciones de Luz, Fija e Intermitente. Bater\u00eda 400 mAh<\/p>","protected":false},"featured_media":85039,"comment_status":"open","ping_status":"open","template":"","meta":{"inline_featured_image":false},"product_brand":[],"product_cat":[110],"product_tag":[],"class_list":{"0":"post-43627","1":"product","2":"type-product","3":"status-publish","4":"has-post-thumbnail","6":"product_cat-herramientas-brico-y-automovil","8":"first","9":"outofstock","10":"taxable","11":"shipping-taxable","12":"purchasable","13":"product-type-variable","14":"has-default-attributes"},"aioseo_notices":[],"_links":{"self":[{"href":"https:\/\/imprimeideas.es\/en\/wp-json\/wp\/v2\/product\/43627","targetHints":{"allow":["GET"]}}],"collection":[{"href":"https:\/\/imprimeideas.es\/en\/wp-json\/wp\/v2\/product"}],"about":[{"href":"https:\/\/imprimeideas.es\/en\/wp-json\/wp\/v2\/types\/product"}],"replies":[{"embeddable":true,"href":"https:\/\/imprimeideas.es\/en\/wp-json\/wp\/v2\/comments?post=43627"}],"version-history":[{"count":1,"href":"https:\/\/imprimeideas.es\/en\/wp-json\/wp\/v2\/product\/43627\/revisions"}],"predecessor-version":[{"id":55270,"href":"https:\/\/imprimeideas.es\/en\/wp-json\/wp\/v2\/product\/43627\/revisions\/55270"}],"wp:featuredmedia":[{"embeddable":true,"href":"https:\/\/imprimeideas.es\/en\/wp-json\/wp\/v2\/media\/85039"}],"wp:attachment":[{"href":"https:\/\/imprimeideas.es\/en\/wp-json\/wp\/v2\/media?parent=43627"}],"wp:term":[{"taxonomy":"product_brand","embeddable":true,"href":"https:\/\/imprimeideas.es\/en\/wp-json\/wp\/v2\/product_brand?post=43627"},{"taxonomy":"product_cat","embeddable":true,"href":"https:\/\/imprimeideas.es\/en\/wp-json\/wp\/v2\/product_cat?post=43627"},{"taxonomy":"product_tag","embeddable":true,"href":"https:\/\/imprimeideas.es\/en\/wp-json\/wp\/v2\/product_tag?post=43627"}],"curies":[{"name":"wp","href":"https:\/\/api.w.org\/{rel}","templated":true}]}}