{"id":43620,"date":"2026-02-24T11:31:27","date_gmt":"2026-02-24T10:31:27","guid":{"rendered":"https:\/\/imprimeideas.es\/?post_type=product&p=43620"},"modified":"2026-02-26T18:19:22","modified_gmt":"2026-02-26T17:19:22","slug":"linterna-rogla","status":"publish","type":"product","link":"https:\/\/imprimeideas.es\/en\/product\/linterna-rogla\/","title":{"rendered":"Linterna Rogla"},"content":{"rendered":"<p>Linterna solar de mano, fabricada en resistente ABS. Su versatilidad con su doble funci\u00f3n de carga: mediante la placa solar incorporada y de forma manual gracias a la dinamo integrada, ofreciendo una fuente de energ\u00eda limpia y renovable reduciendo el consumo de pilas. Equipada con 3 potentes luces LEDs y un cord\u00f3n que asegura un agarre firme para mayor comodidad. Presentada en caja de dise\u00f1o kraft.<\/p>","protected":false},"excerpt":{"rendered":"<p>3 Ledes. Carga Solar y Manual. Pilas Bot\u00f3n Incluidas<\/p>","protected":false},"featured_media":73272,"comment_status":"open","ping_status":"open","template":"","meta":{"inline_featured_image":false},"product_brand":[],"product_cat":[110,106],"product_tag":[],"class_list":{"0":"post-43620","1":"product","2":"type-product","3":"status-publish","4":"has-post-thumbnail","6":"product_cat-herramientas-brico-y-automovil","7":"product_cat-regalos-y-premiums","9":"first","10":"instock","11":"taxable","12":"shipping-taxable","13":"purchasable","14":"product-type-variable","15":"has-default-attributes"},"aioseo_notices":[],"_links":{"self":[{"href":"https:\/\/imprimeideas.es\/en\/wp-json\/wp\/v2\/product\/43620","targetHints":{"allow":["GET"]}}],"collection":[{"href":"https:\/\/imprimeideas.es\/en\/wp-json\/wp\/v2\/product"}],"about":[{"href":"https:\/\/imprimeideas.es\/en\/wp-json\/wp\/v2\/types\/product"}],"replies":[{"embeddable":true,"href":"https:\/\/imprimeideas.es\/en\/wp-json\/wp\/v2\/comments?post=43620"}],"version-history":[{"count":1,"href":"https:\/\/imprimeideas.es\/en\/wp-json\/wp\/v2\/product\/43620\/revisions"}],"predecessor-version":[{"id":55268,"href":"https:\/\/imprimeideas.es\/en\/wp-json\/wp\/v2\/product\/43620\/revisions\/55268"}],"wp:featuredmedia":[{"embeddable":true,"href":"https:\/\/imprimeideas.es\/en\/wp-json\/wp\/v2\/media\/73272"}],"wp:attachment":[{"href":"https:\/\/imprimeideas.es\/en\/wp-json\/wp\/v2\/media?parent=43620"}],"wp:term":[{"taxonomy":"product_brand","embeddable":true,"href":"https:\/\/imprimeideas.es\/en\/wp-json\/wp\/v2\/product_brand?post=43620"},{"taxonomy":"product_cat","embeddable":true,"href":"https:\/\/imprimeideas.es\/en\/wp-json\/wp\/v2\/product_cat?post=43620"},{"taxonomy":"product_tag","embeddable":true,"href":"https:\/\/imprimeideas.es\/en\/wp-json\/wp\/v2\/product_tag?post=43620"}],"curies":[{"name":"wp","href":"https:\/\/api.w.org\/{rel}","templated":true}]}}