{"id":43618,"date":"2026-02-24T11:31:27","date_gmt":"2026-02-24T10:31:27","guid":{"rendered":"https:\/\/imprimeideas.es\/?post_type=product&p=43618"},"modified":"2026-02-26T18:37:40","modified_gmt":"2026-02-26T17:37:40","slug":"linterna-lachman","status":"publish","type":"product","link":"https:\/\/imprimeideas.es\/en\/product\/linterna-lachman\/","title":{"rendered":"Linterna Lachman"},"content":{"rendered":"<p>Linterna de aluminio pr\u00e1ctica y vers\u00e1til, con cabezal extensible (triplicando su longitud) y flexible para llegar a todos los lugares, adem\u00e1s est\u00e1 equipado con imanes adapt\u00e1ndose a diversas necesidades. Cuenta con 3 potentes LEDs para una iluminaci\u00f3n eficiente. Funciona con pilas de bot\u00f3n incluidas y presenta un clip met\u00e1lico para facilitar su sujeci\u00f3n. Se presenta de manera individual en una caja de dise\u00f1o kraft.<\/p>","protected":false},"excerpt":{"rendered":"<p>3 Ledes. Extensible y Flexible. Magn\u00e9tico. Pilas Bot\u00f3n Incluidas<\/p>","protected":false},"featured_media":67167,"comment_status":"open","ping_status":"open","template":"","meta":{"inline_featured_image":false},"product_brand":[],"product_cat":[110],"product_tag":[],"class_list":{"0":"post-43618","1":"product","2":"type-product","3":"status-publish","4":"has-post-thumbnail","6":"product_cat-herramientas-brico-y-automovil","8":"first","9":"instock","10":"taxable","11":"shipping-taxable","12":"purchasable","13":"product-type-variable","14":"has-default-attributes"},"aioseo_notices":[],"_links":{"self":[{"href":"https:\/\/imprimeideas.es\/en\/wp-json\/wp\/v2\/product\/43618","targetHints":{"allow":["GET"]}}],"collection":[{"href":"https:\/\/imprimeideas.es\/en\/wp-json\/wp\/v2\/product"}],"about":[{"href":"https:\/\/imprimeideas.es\/en\/wp-json\/wp\/v2\/types\/product"}],"replies":[{"embeddable":true,"href":"https:\/\/imprimeideas.es\/en\/wp-json\/wp\/v2\/comments?post=43618"}],"version-history":[{"count":1,"href":"https:\/\/imprimeideas.es\/en\/wp-json\/wp\/v2\/product\/43618\/revisions"}],"predecessor-version":[{"id":55267,"href":"https:\/\/imprimeideas.es\/en\/wp-json\/wp\/v2\/product\/43618\/revisions\/55267"}],"wp:featuredmedia":[{"embeddable":true,"href":"https:\/\/imprimeideas.es\/en\/wp-json\/wp\/v2\/media\/67167"}],"wp:attachment":[{"href":"https:\/\/imprimeideas.es\/en\/wp-json\/wp\/v2\/media?parent=43618"}],"wp:term":[{"taxonomy":"product_brand","embeddable":true,"href":"https:\/\/imprimeideas.es\/en\/wp-json\/wp\/v2\/product_brand?post=43618"},{"taxonomy":"product_cat","embeddable":true,"href":"https:\/\/imprimeideas.es\/en\/wp-json\/wp\/v2\/product_cat?post=43618"},{"taxonomy":"product_tag","embeddable":true,"href":"https:\/\/imprimeideas.es\/en\/wp-json\/wp\/v2\/product_tag?post=43618"}],"curies":[{"name":"wp","href":"https:\/\/api.w.org\/{rel}","templated":true}]}}