{"id":43615,"date":"2026-02-24T11:31:27","date_gmt":"2026-02-24T10:31:27","guid":{"rendered":"https:\/\/imprimeideas.es\/?post_type=product&p=43615"},"modified":"2026-02-26T18:23:17","modified_gmt":"2026-02-26T17:23:17","slug":"linterna-eterial","status":"publish","type":"product","link":"https:\/\/imprimeideas.es\/en\/product\/linterna-eterial\/","title":{"rendered":"Linterna Eterial"},"content":{"rendered":"<p>Linterna potente fabricada en aluminio con un dise\u00f1o elegante en acabado gris metalizado con detalles en negro. Cuenta con 1 LED frontal para una iluminaci\u00f3n focalizada y 4 luces COB en el mango para una dispersi\u00f3n m\u00e1s amplia de la luz. Ofrece 3 modos de iluminaci\u00f3n: fija, intermitente lenta y r\u00e1pida, adapt\u00e1ndose a diversas necesidades. Esta linterna es recargable mediante su bater\u00eda de 1200 mAh, con el cable de carga incluido. Presentada individualmente en caja de dise\u00f1o kraft.<\/p>","protected":false},"excerpt":{"rendered":"<p>1 Led. 4 Luces COB. 3 Posiciones de Luz, Fija e Intermitente. Bater\u00eda 1.200 mAh<\/p>","protected":false},"featured_media":83740,"comment_status":"open","ping_status":"open","template":"","meta":{"inline_featured_image":false},"product_brand":[],"product_cat":[110],"product_tag":[],"class_list":{"0":"post-43615","1":"product","2":"type-product","3":"status-publish","4":"has-post-thumbnail","6":"product_cat-herramientas-brico-y-automovil","8":"first","9":"outofstock","10":"taxable","11":"shipping-taxable","12":"purchasable","13":"product-type-variable","14":"has-default-attributes"},"aioseo_notices":[],"_links":{"self":[{"href":"https:\/\/imprimeideas.es\/en\/wp-json\/wp\/v2\/product\/43615","targetHints":{"allow":["GET"]}}],"collection":[{"href":"https:\/\/imprimeideas.es\/en\/wp-json\/wp\/v2\/product"}],"about":[{"href":"https:\/\/imprimeideas.es\/en\/wp-json\/wp\/v2\/types\/product"}],"replies":[{"embeddable":true,"href":"https:\/\/imprimeideas.es\/en\/wp-json\/wp\/v2\/comments?post=43615"}],"version-history":[{"count":1,"href":"https:\/\/imprimeideas.es\/en\/wp-json\/wp\/v2\/product\/43615\/revisions"}],"predecessor-version":[{"id":55266,"href":"https:\/\/imprimeideas.es\/en\/wp-json\/wp\/v2\/product\/43615\/revisions\/55266"}],"wp:featuredmedia":[{"embeddable":true,"href":"https:\/\/imprimeideas.es\/en\/wp-json\/wp\/v2\/media\/83740"}],"wp:attachment":[{"href":"https:\/\/imprimeideas.es\/en\/wp-json\/wp\/v2\/media?parent=43615"}],"wp:term":[{"taxonomy":"product_brand","embeddable":true,"href":"https:\/\/imprimeideas.es\/en\/wp-json\/wp\/v2\/product_brand?post=43615"},{"taxonomy":"product_cat","embeddable":true,"href":"https:\/\/imprimeideas.es\/en\/wp-json\/wp\/v2\/product_cat?post=43615"},{"taxonomy":"product_tag","embeddable":true,"href":"https:\/\/imprimeideas.es\/en\/wp-json\/wp\/v2\/product_tag?post=43615"}],"curies":[{"name":"wp","href":"https:\/\/api.w.org\/{rel}","templated":true}]}}