{"id":43611,"date":"2026-02-24T11:31:26","date_gmt":"2026-02-24T10:31:26","guid":{"rendered":"https:\/\/imprimeideas.es\/?post_type=product&p=43611"},"modified":"2026-02-26T18:33:01","modified_gmt":"2026-02-26T17:33:01","slug":"multiherramienta-argix","status":"publish","type":"product","link":"https:\/\/imprimeideas.es\/en\/product\/multiherramienta-argix\/","title":{"rendered":"Multiherramienta Argix"},"content":{"rendered":"<p>Pr\u00e1ctica multiherramienta fabricada en resistente aluminio de acabado en negro y 12 funciones. Con linterna de 20 luces COB y 3 posiciones de iluminaci\u00f3n: luz fija con dos grados de intensidad y luz intermitente; y alimentada por una bater\u00eda de 500 mAh. Incluye llaves para tuercas hexagonales en varios tama\u00f1os, abridor, y martillo rompe cristales. Con funci\u00f3n destornillador (incluidas puntas planas y philips) y un potente im\u00e1n. Pr\u00e1ctico mosquet\u00f3n de enganche y soporte en la parte trasera. Con cable de carga incluido y presentado en caja de dise\u00f1o kraft.<\/p>","protected":false},"excerpt":{"rendered":"<p>20 Luces COB. 3 Posiciones de Luz, Fija e Intermitente. 10 Funciones. Magn\u00e9tico. Bater\u00eda 500 mAh<\/p>","protected":false},"featured_media":70947,"comment_status":"open","ping_status":"open","template":"","meta":{"inline_featured_image":false},"product_brand":[],"product_cat":[110,102],"product_tag":[],"class_list":{"0":"post-43611","1":"product","2":"type-product","3":"status-publish","4":"has-post-thumbnail","6":"product_cat-herramientas-brico-y-automovil","7":"product_cat-ocio-y-tiempo-libre","9":"first","10":"instock","11":"taxable","12":"shipping-taxable","13":"purchasable","14":"product-type-variable","15":"has-default-attributes"},"aioseo_notices":[],"_links":{"self":[{"href":"https:\/\/imprimeideas.es\/en\/wp-json\/wp\/v2\/product\/43611","targetHints":{"allow":["GET"]}}],"collection":[{"href":"https:\/\/imprimeideas.es\/en\/wp-json\/wp\/v2\/product"}],"about":[{"href":"https:\/\/imprimeideas.es\/en\/wp-json\/wp\/v2\/types\/product"}],"replies":[{"embeddable":true,"href":"https:\/\/imprimeideas.es\/en\/wp-json\/wp\/v2\/comments?post=43611"}],"version-history":[{"count":1,"href":"https:\/\/imprimeideas.es\/en\/wp-json\/wp\/v2\/product\/43611\/revisions"}],"predecessor-version":[{"id":55264,"href":"https:\/\/imprimeideas.es\/en\/wp-json\/wp\/v2\/product\/43611\/revisions\/55264"}],"wp:featuredmedia":[{"embeddable":true,"href":"https:\/\/imprimeideas.es\/en\/wp-json\/wp\/v2\/media\/70947"}],"wp:attachment":[{"href":"https:\/\/imprimeideas.es\/en\/wp-json\/wp\/v2\/media?parent=43611"}],"wp:term":[{"taxonomy":"product_brand","embeddable":true,"href":"https:\/\/imprimeideas.es\/en\/wp-json\/wp\/v2\/product_brand?post=43611"},{"taxonomy":"product_cat","embeddable":true,"href":"https:\/\/imprimeideas.es\/en\/wp-json\/wp\/v2\/product_cat?post=43611"},{"taxonomy":"product_tag","embeddable":true,"href":"https:\/\/imprimeideas.es\/en\/wp-json\/wp\/v2\/product_tag?post=43611"}],"curies":[{"name":"wp","href":"https:\/\/api.w.org\/{rel}","templated":true}]}}