{"id":43609,"date":"2026-02-24T11:31:26","date_gmt":"2026-02-24T10:31:26","guid":{"rendered":"https:\/\/imprimeideas.es\/?post_type=product&p=43609"},"modified":"2026-02-26T18:13:41","modified_gmt":"2026-02-26T17:13:41","slug":"linterna-abridor-shaula","status":"publish","type":"product","link":"https:\/\/imprimeideas.es\/en\/product\/linterna-abridor-shaula\/","title":{"rendered":"Linterna Abridor Shaula"},"content":{"rendered":"<p>Potente linterna abridor fabricada en resistente abs y 30 luces COB, con tres posiciones de luz (fija e intermitente de dos velocidades). Incluye mosquet\u00f3n para f\u00e1cil transporte, soporte trasero de apoyo, abrebotellas y potente im\u00e1n. Recargable, con bater\u00eda de 300 mAh. Cable incluido y manual en espa\u00f1ol e ingles. Presentado individualmente en caja de dise\u00f1o.<\/p>","protected":false},"excerpt":{"rendered":"<p>30 Luces COB. 3 Posiciones de Luz, Fija e Intermitente. Magn\u00e9tico. Bater\u00eda 300 mAh<\/p>","protected":false},"featured_media":79848,"comment_status":"open","ping_status":"open","template":"","meta":{"inline_featured_image":false},"product_brand":[],"product_cat":[110],"product_tag":[],"class_list":{"0":"post-43609","1":"product","2":"type-product","3":"status-publish","4":"has-post-thumbnail","6":"product_cat-herramientas-brico-y-automovil","8":"first","9":"outofstock","10":"taxable","11":"shipping-taxable","12":"purchasable","13":"product-type-variable","14":"has-default-attributes"},"aioseo_notices":[],"_links":{"self":[{"href":"https:\/\/imprimeideas.es\/en\/wp-json\/wp\/v2\/product\/43609","targetHints":{"allow":["GET"]}}],"collection":[{"href":"https:\/\/imprimeideas.es\/en\/wp-json\/wp\/v2\/product"}],"about":[{"href":"https:\/\/imprimeideas.es\/en\/wp-json\/wp\/v2\/types\/product"}],"replies":[{"embeddable":true,"href":"https:\/\/imprimeideas.es\/en\/wp-json\/wp\/v2\/comments?post=43609"}],"version-history":[{"count":1,"href":"https:\/\/imprimeideas.es\/en\/wp-json\/wp\/v2\/product\/43609\/revisions"}],"predecessor-version":[{"id":55263,"href":"https:\/\/imprimeideas.es\/en\/wp-json\/wp\/v2\/product\/43609\/revisions\/55263"}],"wp:featuredmedia":[{"embeddable":true,"href":"https:\/\/imprimeideas.es\/en\/wp-json\/wp\/v2\/media\/79848"}],"wp:attachment":[{"href":"https:\/\/imprimeideas.es\/en\/wp-json\/wp\/v2\/media?parent=43609"}],"wp:term":[{"taxonomy":"product_brand","embeddable":true,"href":"https:\/\/imprimeideas.es\/en\/wp-json\/wp\/v2\/product_brand?post=43609"},{"taxonomy":"product_cat","embeddable":true,"href":"https:\/\/imprimeideas.es\/en\/wp-json\/wp\/v2\/product_cat?post=43609"},{"taxonomy":"product_tag","embeddable":true,"href":"https:\/\/imprimeideas.es\/en\/wp-json\/wp\/v2\/product_tag?post=43609"}],"curies":[{"name":"wp","href":"https:\/\/api.w.org\/{rel}","templated":true}]}}