{"id":43607,"date":"2026-02-24T11:31:26","date_gmt":"2026-02-24T10:31:26","guid":{"rendered":"https:\/\/imprimeideas.es\/?post_type=product&p=43607"},"modified":"2026-02-26T18:08:16","modified_gmt":"2026-02-26T17:08:16","slug":"navaja-multiusos-kasuki","status":"publish","type":"product","link":"https:\/\/imprimeideas.es\/en\/product\/navaja-multiusos-kasuki\/","title":{"rendered":"Navaja Multiusos Kasuki"},"content":{"rendered":"<p>Navaja multiusos fabricada en acero inox y suave bamb\u00fa. Con 9 funciones que incluyen cuchillo, tijeras, abrelatas, sacacorchos, destornillador philips, destornillador plano, lima y abrebotellas. Adem\u00e1s, cuenta con un pr\u00e1ctico enganche en forma de mosquet\u00f3n. Presentada en caja de dise\u00f1o kraft. Materiales como el bamb\u00fa fomentan la utilizaci\u00f3n de materias primas naturales, reduciendo las emisiones contaminantes. Proviene de una planta de gran resistencia y versatilidad, con crecimiento y regeneraci\u00f3n r\u00e1pidos, siendo una excelente alternativa al uso de madera tradicional.<\/p>","protected":false},"excerpt":{"rendered":"<p>9 Funciones<\/p>","protected":false},"featured_media":80768,"comment_status":"open","ping_status":"open","template":"","meta":{"inline_featured_image":false},"product_brand":[],"product_cat":[122,110],"product_tag":[],"class_list":{"0":"post-43607","1":"product","2":"type-product","3":"status-publish","4":"has-post-thumbnail","6":"product_cat-articulos-sostenibles","7":"product_cat-herramientas-brico-y-automovil","9":"first","10":"instock","11":"taxable","12":"shipping-taxable","13":"purchasable","14":"product-type-variable","15":"has-default-attributes"},"aioseo_notices":[],"_links":{"self":[{"href":"https:\/\/imprimeideas.es\/en\/wp-json\/wp\/v2\/product\/43607","targetHints":{"allow":["GET"]}}],"collection":[{"href":"https:\/\/imprimeideas.es\/en\/wp-json\/wp\/v2\/product"}],"about":[{"href":"https:\/\/imprimeideas.es\/en\/wp-json\/wp\/v2\/types\/product"}],"replies":[{"embeddable":true,"href":"https:\/\/imprimeideas.es\/en\/wp-json\/wp\/v2\/comments?post=43607"}],"version-history":[{"count":1,"href":"https:\/\/imprimeideas.es\/en\/wp-json\/wp\/v2\/product\/43607\/revisions"}],"predecessor-version":[{"id":55262,"href":"https:\/\/imprimeideas.es\/en\/wp-json\/wp\/v2\/product\/43607\/revisions\/55262"}],"wp:featuredmedia":[{"embeddable":true,"href":"https:\/\/imprimeideas.es\/en\/wp-json\/wp\/v2\/media\/80768"}],"wp:attachment":[{"href":"https:\/\/imprimeideas.es\/en\/wp-json\/wp\/v2\/media?parent=43607"}],"wp:term":[{"taxonomy":"product_brand","embeddable":true,"href":"https:\/\/imprimeideas.es\/en\/wp-json\/wp\/v2\/product_brand?post=43607"},{"taxonomy":"product_cat","embeddable":true,"href":"https:\/\/imprimeideas.es\/en\/wp-json\/wp\/v2\/product_cat?post=43607"},{"taxonomy":"product_tag","embeddable":true,"href":"https:\/\/imprimeideas.es\/en\/wp-json\/wp\/v2\/product_tag?post=43607"}],"curies":[{"name":"wp","href":"https:\/\/api.w.org\/{rel}","templated":true}]}}