{"id":43605,"date":"2026-02-24T11:31:25","date_gmt":"2026-02-24T10:31:25","guid":{"rendered":"https:\/\/imprimeideas.es\/?post_type=product&p=43605"},"modified":"2026-02-26T18:27:58","modified_gmt":"2026-02-26T17:27:58","slug":"set-herramientas-rosen","status":"publish","type":"product","link":"https:\/\/imprimeideas.es\/en\/product\/set-herramientas-rosen\/","title":{"rendered":"Set Herramientas Rosen"},"content":{"rendered":"<p>Set de herramientas presentado en resistente caja de bamb\u00fa con cierre met\u00e1lico. Con interior troquelado en bamb\u00fa para un perfecto ajuste de las herramientas. Incluye 15 accesorios: llaves de tubo, alicates con secci\u00f3n cortante, destornilladores de precisi\u00f3n (plano y philips) y destornillador con multitud de puntas planas, philips, hexagonales y torx. Presentado en caja de dise\u00f1o kraft. Materiales como el bamb\u00fa fomentan la utilizaci\u00f3n de materias primas naturales, reduciendo las emisiones contaminantes. Proviene de una planta de gran resistencia y versatilidad, con crecimiento y regeneraci\u00f3n r\u00e1pidos, siendo una excelente alternativa al uso de madera tradicional.<\/p>","protected":false},"excerpt":{"rendered":"<p>15 Accesorios<\/p>","protected":false},"featured_media":76699,"comment_status":"open","ping_status":"open","template":"","meta":{"inline_featured_image":false},"product_brand":[],"product_cat":[122,110],"product_tag":[],"class_list":{"0":"post-43605","1":"product","2":"type-product","3":"status-publish","4":"has-post-thumbnail","6":"product_cat-articulos-sostenibles","7":"product_cat-herramientas-brico-y-automovil","9":"first","10":"outofstock","11":"taxable","12":"shipping-taxable","13":"purchasable","14":"product-type-variable","15":"has-default-attributes"},"aioseo_notices":[],"_links":{"self":[{"href":"https:\/\/imprimeideas.es\/en\/wp-json\/wp\/v2\/product\/43605","targetHints":{"allow":["GET"]}}],"collection":[{"href":"https:\/\/imprimeideas.es\/en\/wp-json\/wp\/v2\/product"}],"about":[{"href":"https:\/\/imprimeideas.es\/en\/wp-json\/wp\/v2\/types\/product"}],"replies":[{"embeddable":true,"href":"https:\/\/imprimeideas.es\/en\/wp-json\/wp\/v2\/comments?post=43605"}],"version-history":[{"count":1,"href":"https:\/\/imprimeideas.es\/en\/wp-json\/wp\/v2\/product\/43605\/revisions"}],"predecessor-version":[{"id":55261,"href":"https:\/\/imprimeideas.es\/en\/wp-json\/wp\/v2\/product\/43605\/revisions\/55261"}],"wp:featuredmedia":[{"embeddable":true,"href":"https:\/\/imprimeideas.es\/en\/wp-json\/wp\/v2\/media\/76699"}],"wp:attachment":[{"href":"https:\/\/imprimeideas.es\/en\/wp-json\/wp\/v2\/media?parent=43605"}],"wp:term":[{"taxonomy":"product_brand","embeddable":true,"href":"https:\/\/imprimeideas.es\/en\/wp-json\/wp\/v2\/product_brand?post=43605"},{"taxonomy":"product_cat","embeddable":true,"href":"https:\/\/imprimeideas.es\/en\/wp-json\/wp\/v2\/product_cat?post=43605"},{"taxonomy":"product_tag","embeddable":true,"href":"https:\/\/imprimeideas.es\/en\/wp-json\/wp\/v2\/product_tag?post=43605"}],"curies":[{"name":"wp","href":"https:\/\/api.w.org\/{rel}","templated":true}]}}