{"id":43602,"date":"2026-02-24T11:31:25","date_gmt":"2026-02-24T10:31:25","guid":{"rendered":"https:\/\/imprimeideas.es\/?post_type=product&p=43602"},"modified":"2026-02-26T18:42:27","modified_gmt":"2026-02-26T17:42:27","slug":"multiherramienta-sekmed","status":"publish","type":"product","link":"https:\/\/imprimeideas.es\/en\/product\/multiherramienta-sekmed\/","title":{"rendered":"Multiherramienta Sekmed"},"content":{"rendered":"<p>Eficaz multiherramienta con cabezal giratorio fabricada en acero inox y acabado en negro. Con 10 funciones: llaves allen, llave para tuercas hexagonales en varios tama\u00f1os, regla y un pr\u00e1ctico accesorio de transporte con cierre de hebilla. Presentado en bolsa de papel reciclada de dise\u00f1o kraft.<\/p>","protected":false},"excerpt":{"rendered":"<p>10 Funciones<\/p>","protected":false},"featured_media":66939,"comment_status":"open","ping_status":"open","template":"","meta":{"inline_featured_image":false},"product_brand":[],"product_cat":[110],"product_tag":[],"class_list":{"0":"post-43602","1":"product","2":"type-product","3":"status-publish","4":"has-post-thumbnail","6":"product_cat-herramientas-brico-y-automovil","8":"first","9":"instock","10":"taxable","11":"shipping-taxable","12":"purchasable","13":"product-type-variable","14":"has-default-attributes"},"aioseo_notices":[],"_links":{"self":[{"href":"https:\/\/imprimeideas.es\/en\/wp-json\/wp\/v2\/product\/43602","targetHints":{"allow":["GET"]}}],"collection":[{"href":"https:\/\/imprimeideas.es\/en\/wp-json\/wp\/v2\/product"}],"about":[{"href":"https:\/\/imprimeideas.es\/en\/wp-json\/wp\/v2\/types\/product"}],"replies":[{"embeddable":true,"href":"https:\/\/imprimeideas.es\/en\/wp-json\/wp\/v2\/comments?post=43602"}],"version-history":[{"count":1,"href":"https:\/\/imprimeideas.es\/en\/wp-json\/wp\/v2\/product\/43602\/revisions"}],"predecessor-version":[{"id":55260,"href":"https:\/\/imprimeideas.es\/en\/wp-json\/wp\/v2\/product\/43602\/revisions\/55260"}],"wp:featuredmedia":[{"embeddable":true,"href":"https:\/\/imprimeideas.es\/en\/wp-json\/wp\/v2\/media\/66939"}],"wp:attachment":[{"href":"https:\/\/imprimeideas.es\/en\/wp-json\/wp\/v2\/media?parent=43602"}],"wp:term":[{"taxonomy":"product_brand","embeddable":true,"href":"https:\/\/imprimeideas.es\/en\/wp-json\/wp\/v2\/product_brand?post=43602"},{"taxonomy":"product_cat","embeddable":true,"href":"https:\/\/imprimeideas.es\/en\/wp-json\/wp\/v2\/product_cat?post=43602"},{"taxonomy":"product_tag","embeddable":true,"href":"https:\/\/imprimeideas.es\/en\/wp-json\/wp\/v2\/product_tag?post=43602"}],"curies":[{"name":"wp","href":"https:\/\/api.w.org\/{rel}","templated":true}]}}