{"id":43593,"date":"2026-02-24T11:31:24","date_gmt":"2026-02-24T10:31:24","guid":{"rendered":"https:\/\/imprimeideas.es\/?post_type=product&p=43593"},"modified":"2026-02-26T18:13:50","modified_gmt":"2026-02-26T17:13:50","slug":"boligrafo-multifuncion-posdan","status":"publish","type":"product","link":"https:\/\/imprimeideas.es\/en\/product\/boligrafo-multifuncion-posdan\/","title":{"rendered":"Bol\u00edgrafo Multifunci\u00f3n Posdan"},"content":{"rendered":"<p>Pr\u00e1ctico bol\u00edgrafo multifunci\u00f3n con 7 usos. Incluye: soporte para m\u00f3vil, puntero, bol\u00edgrafo de tinta azul, linterna alimentada por pila de bot\u00f3n (incluida), br\u00fajula, destornillador plano y philips. Presentado individualmente en una caja de dise\u00f1o kraft.<\/p>","protected":false},"excerpt":{"rendered":"<p>1 Accesorio. 7 Funciones. Pilas Bot\u00f3n Incluidas<\/p>","protected":false},"featured_media":82163,"comment_status":"open","ping_status":"open","template":"","meta":{"inline_featured_image":false},"product_brand":[],"product_cat":[110],"product_tag":[],"class_list":{"0":"post-43593","1":"product","2":"type-product","3":"status-publish","4":"has-post-thumbnail","6":"product_cat-herramientas-brico-y-automovil","8":"first","9":"instock","10":"taxable","11":"shipping-taxable","12":"purchasable","13":"product-type-variable","14":"has-default-attributes"},"aioseo_notices":[],"_links":{"self":[{"href":"https:\/\/imprimeideas.es\/en\/wp-json\/wp\/v2\/product\/43593","targetHints":{"allow":["GET"]}}],"collection":[{"href":"https:\/\/imprimeideas.es\/en\/wp-json\/wp\/v2\/product"}],"about":[{"href":"https:\/\/imprimeideas.es\/en\/wp-json\/wp\/v2\/types\/product"}],"replies":[{"embeddable":true,"href":"https:\/\/imprimeideas.es\/en\/wp-json\/wp\/v2\/comments?post=43593"}],"version-history":[{"count":1,"href":"https:\/\/imprimeideas.es\/en\/wp-json\/wp\/v2\/product\/43593\/revisions"}],"predecessor-version":[{"id":55256,"href":"https:\/\/imprimeideas.es\/en\/wp-json\/wp\/v2\/product\/43593\/revisions\/55256"}],"wp:featuredmedia":[{"embeddable":true,"href":"https:\/\/imprimeideas.es\/en\/wp-json\/wp\/v2\/media\/82163"}],"wp:attachment":[{"href":"https:\/\/imprimeideas.es\/en\/wp-json\/wp\/v2\/media?parent=43593"}],"wp:term":[{"taxonomy":"product_brand","embeddable":true,"href":"https:\/\/imprimeideas.es\/en\/wp-json\/wp\/v2\/product_brand?post=43593"},{"taxonomy":"product_cat","embeddable":true,"href":"https:\/\/imprimeideas.es\/en\/wp-json\/wp\/v2\/product_cat?post=43593"},{"taxonomy":"product_tag","embeddable":true,"href":"https:\/\/imprimeideas.es\/en\/wp-json\/wp\/v2\/product_tag?post=43593"}],"curies":[{"name":"wp","href":"https:\/\/api.w.org\/{rel}","templated":true}]}}