{"id":43591,"date":"2026-02-24T11:31:24","date_gmt":"2026-02-24T10:31:24","guid":{"rendered":"https:\/\/imprimeideas.es\/?post_type=product&p=43591"},"modified":"2026-02-26T18:13:37","modified_gmt":"2026-02-26T17:13:37","slug":"multiherramienta-margorix","status":"publish","type":"product","link":"https:\/\/imprimeideas.es\/en\/product\/multiherramienta-margorix\/","title":{"rendered":"Multiherramienta Margorix"},"content":{"rendered":"<p>Pr\u00e1ctica multiherramienta de 5 funciones, fabricada en resistente acero al carbono y acabado en color negro. Con funciones destornillador (punta plana y philips) y bol\u00edgrafo con tinta azul (cartucho jumbo). Presentada en resistente estuche de bamb\u00fa, con nivel integrado y regla. Presentada individualmente en caja de dise\u00f1o kraft.<\/p>","protected":false},"excerpt":{"rendered":"<p>1 Accesorio. 5 Funciones. Carga Jumbo<\/p>","protected":false},"featured_media":43677,"comment_status":"open","ping_status":"open","template":"","meta":{"inline_featured_image":false},"product_brand":[],"product_cat":[122,110],"product_tag":[],"class_list":{"0":"post-43591","1":"product","2":"type-product","3":"status-publish","4":"has-post-thumbnail","6":"product_cat-articulos-sostenibles","7":"product_cat-herramientas-brico-y-automovil","9":"first","10":"instock","11":"taxable","12":"shipping-taxable","13":"purchasable","14":"product-type-variable","15":"has-default-attributes"},"aioseo_notices":[],"_links":{"self":[{"href":"https:\/\/imprimeideas.es\/en\/wp-json\/wp\/v2\/product\/43591","targetHints":{"allow":["GET"]}}],"collection":[{"href":"https:\/\/imprimeideas.es\/en\/wp-json\/wp\/v2\/product"}],"about":[{"href":"https:\/\/imprimeideas.es\/en\/wp-json\/wp\/v2\/types\/product"}],"replies":[{"embeddable":true,"href":"https:\/\/imprimeideas.es\/en\/wp-json\/wp\/v2\/comments?post=43591"}],"version-history":[{"count":1,"href":"https:\/\/imprimeideas.es\/en\/wp-json\/wp\/v2\/product\/43591\/revisions"}],"predecessor-version":[{"id":55255,"href":"https:\/\/imprimeideas.es\/en\/wp-json\/wp\/v2\/product\/43591\/revisions\/55255"}],"wp:featuredmedia":[{"embeddable":true,"href":"https:\/\/imprimeideas.es\/en\/wp-json\/wp\/v2\/media\/43677"}],"wp:attachment":[{"href":"https:\/\/imprimeideas.es\/en\/wp-json\/wp\/v2\/media?parent=43591"}],"wp:term":[{"taxonomy":"product_brand","embeddable":true,"href":"https:\/\/imprimeideas.es\/en\/wp-json\/wp\/v2\/product_brand?post=43591"},{"taxonomy":"product_cat","embeddable":true,"href":"https:\/\/imprimeideas.es\/en\/wp-json\/wp\/v2\/product_cat?post=43591"},{"taxonomy":"product_tag","embeddable":true,"href":"https:\/\/imprimeideas.es\/en\/wp-json\/wp\/v2\/product_tag?post=43591"}],"curies":[{"name":"wp","href":"https:\/\/api.w.org\/{rel}","templated":true}]}}