{"id":43587,"date":"2026-02-24T11:31:24","date_gmt":"2026-02-24T10:31:24","guid":{"rendered":"https:\/\/imprimeideas.es\/?post_type=product&p=43587"},"modified":"2026-02-26T18:28:03","modified_gmt":"2026-02-26T17:28:03","slug":"flexometro-multiherramienta-denwa-1m","status":"publish","type":"product","link":"https:\/\/imprimeideas.es\/en\/product\/flexometro-multiherramienta-denwa-1m\/","title":{"rendered":"Flex\u00f3metro Multiherramienta Denwa 1m"},"content":{"rendered":"<p>Multiherramienta con 7 funciones, fabricada en acero inox y bamb\u00fa. Incluye un metro con medidas en cent\u00ed metros y pulgadas (longitud de 1 metro), una llave para tuercas hexagonales en varios tama\u00f1os y un abridor. Adem\u00e1s, cuenta con un mosquet\u00f3n para facilitar el transporte. Presentada en caja de dise\u00f1o kraft.Materiales como el bamb\u00fa fomentan la utilizaci\u00f3n de materias primas naturales, reduciendo las emisiones contaminantes. Proviene de una planta de gran resistencia y versatilidad, con crecimiento y regeneraci\u00f3n r\u00e1pidos, siendo una excelente alternativa al uso de madera tradicional.<\/p>","protected":false},"excerpt":{"rendered":"<p>7 Funciones<\/p>","protected":false},"featured_media":61040,"comment_status":"open","ping_status":"open","template":"","meta":{"inline_featured_image":false},"product_brand":[],"product_cat":[122,110],"product_tag":[],"class_list":{"0":"post-43587","1":"product","2":"type-product","3":"status-publish","4":"has-post-thumbnail","6":"product_cat-articulos-sostenibles","7":"product_cat-herramientas-brico-y-automovil","9":"first","10":"instock","11":"taxable","12":"shipping-taxable","13":"purchasable","14":"product-type-variable","15":"has-default-attributes"},"aioseo_notices":[],"_links":{"self":[{"href":"https:\/\/imprimeideas.es\/en\/wp-json\/wp\/v2\/product\/43587","targetHints":{"allow":["GET"]}}],"collection":[{"href":"https:\/\/imprimeideas.es\/en\/wp-json\/wp\/v2\/product"}],"about":[{"href":"https:\/\/imprimeideas.es\/en\/wp-json\/wp\/v2\/types\/product"}],"replies":[{"embeddable":true,"href":"https:\/\/imprimeideas.es\/en\/wp-json\/wp\/v2\/comments?post=43587"}],"version-history":[{"count":1,"href":"https:\/\/imprimeideas.es\/en\/wp-json\/wp\/v2\/product\/43587\/revisions"}],"predecessor-version":[{"id":55253,"href":"https:\/\/imprimeideas.es\/en\/wp-json\/wp\/v2\/product\/43587\/revisions\/55253"}],"wp:featuredmedia":[{"embeddable":true,"href":"https:\/\/imprimeideas.es\/en\/wp-json\/wp\/v2\/media\/61040"}],"wp:attachment":[{"href":"https:\/\/imprimeideas.es\/en\/wp-json\/wp\/v2\/media?parent=43587"}],"wp:term":[{"taxonomy":"product_brand","embeddable":true,"href":"https:\/\/imprimeideas.es\/en\/wp-json\/wp\/v2\/product_brand?post=43587"},{"taxonomy":"product_cat","embeddable":true,"href":"https:\/\/imprimeideas.es\/en\/wp-json\/wp\/v2\/product_cat?post=43587"},{"taxonomy":"product_tag","embeddable":true,"href":"https:\/\/imprimeideas.es\/en\/wp-json\/wp\/v2\/product_tag?post=43587"}],"curies":[{"name":"wp","href":"https:\/\/api.w.org\/{rel}","templated":true}]}}