{"id":43582,"date":"2026-02-24T11:31:23","date_gmt":"2026-02-24T10:31:23","guid":{"rendered":"https:\/\/imprimeideas.es\/?post_type=product&p=43582"},"modified":"2026-02-26T18:23:24","modified_gmt":"2026-02-26T17:23:24","slug":"flexometro-multiherramienta-wilco-1m","status":"publish","type":"product","link":"https:\/\/imprimeideas.es\/en\/product\/flexometro-multiherramienta-wilco-1m\/","title":{"rendered":"Flex\u00f3metro Multiherramienta Wilco 1m"},"content":{"rendered":"<p>Pr\u00e1ctico flex\u00f3metro fabricado en resistente combinaci\u00f3n de bamb\u00fa y ABS, con multiherramienta integrada en cuerpo y cierre mediante tapa. 4 funciones: linterna LED (pilas de bot\u00f3n incluidas), una cinta m\u00e9trica de 1 metro en cent\u00ed metros y pulgadas; y un cabezal destornillador magn\u00e9tico con puntas plana y phillips. Adem\u00e1s, cuenta con anilla llavero y viene presentado individualmente en caja de dise\u00f1o kraft. Materiales como el bamb\u00fa fomentan la utilizaci\u00f3n de materias primas naturales, reduciendo las emisiones contaminantes. Proviene de una planta de gran resistencia y versatilidad, con crecimiento y regeneraci\u00f3n r\u00e1pidos, siendo una excelente alternativa al uso de madera tradicional.<\/p>","protected":false},"excerpt":{"rendered":"<p>1 Led. 2 Accesorios. Pilas Bot\u00f3n Incluidas<\/p>","protected":false},"featured_media":75968,"comment_status":"open","ping_status":"open","template":"","meta":{"inline_featured_image":false},"product_brand":[],"product_cat":[122,110,106],"product_tag":[],"class_list":{"0":"post-43582","1":"product","2":"type-product","3":"status-publish","4":"has-post-thumbnail","6":"product_cat-articulos-sostenibles","7":"product_cat-herramientas-brico-y-automovil","8":"product_cat-regalos-y-premiums","10":"first","11":"instock","12":"taxable","13":"shipping-taxable","14":"purchasable","15":"product-type-variable","16":"has-default-attributes"},"aioseo_notices":[],"_links":{"self":[{"href":"https:\/\/imprimeideas.es\/en\/wp-json\/wp\/v2\/product\/43582","targetHints":{"allow":["GET"]}}],"collection":[{"href":"https:\/\/imprimeideas.es\/en\/wp-json\/wp\/v2\/product"}],"about":[{"href":"https:\/\/imprimeideas.es\/en\/wp-json\/wp\/v2\/types\/product"}],"replies":[{"embeddable":true,"href":"https:\/\/imprimeideas.es\/en\/wp-json\/wp\/v2\/comments?post=43582"}],"version-history":[{"count":1,"href":"https:\/\/imprimeideas.es\/en\/wp-json\/wp\/v2\/product\/43582\/revisions"}],"predecessor-version":[{"id":55251,"href":"https:\/\/imprimeideas.es\/en\/wp-json\/wp\/v2\/product\/43582\/revisions\/55251"}],"wp:featuredmedia":[{"embeddable":true,"href":"https:\/\/imprimeideas.es\/en\/wp-json\/wp\/v2\/media\/75968"}],"wp:attachment":[{"href":"https:\/\/imprimeideas.es\/en\/wp-json\/wp\/v2\/media?parent=43582"}],"wp:term":[{"taxonomy":"product_brand","embeddable":true,"href":"https:\/\/imprimeideas.es\/en\/wp-json\/wp\/v2\/product_brand?post=43582"},{"taxonomy":"product_cat","embeddable":true,"href":"https:\/\/imprimeideas.es\/en\/wp-json\/wp\/v2\/product_cat?post=43582"},{"taxonomy":"product_tag","embeddable":true,"href":"https:\/\/imprimeideas.es\/en\/wp-json\/wp\/v2\/product_tag?post=43582"}],"curies":[{"name":"wp","href":"https:\/\/api.w.org\/{rel}","templated":true}]}}