{"id":43580,"date":"2026-02-24T11:31:23","date_gmt":"2026-02-24T10:31:23","guid":{"rendered":"https:\/\/imprimeideas.es\/?post_type=product&p=43580"},"modified":"2026-02-26T18:08:25","modified_gmt":"2026-02-26T17:08:25","slug":"set-barbacoa-raiken","status":"publish","type":"product","link":"https:\/\/imprimeideas.es\/en\/product\/set-barbacoa-raiken\/","title":{"rendered":"Set Barbacoa Raiken"},"content":{"rendered":"<p>Set de barbacoa fabricado en acero inox. Consta de 11 accesorios, entre ellos: 1 esp\u00e1tula lisa, 2 esp\u00e1tulas con agujeros, 1 raspadora, 1 pinza, 1 esp\u00e1tula, 1 salero, 1 pimentero, 1 bid\u00f3n con dosificador y 2 moldes redondos. Todo se presenta de manera organizada en un pr\u00e1ctico macuto con cierre de cremallera y asas para facilitar su transporte. Presentado individualmente en bolsa reciclada.<\/p>","protected":false},"excerpt":{"rendered":"<p>11 Accesorios. Funda Poli\u00e9ster<\/p>","protected":false},"featured_media":83719,"comment_status":"open","ping_status":"open","template":"","meta":{"inline_featured_image":false},"product_brand":[],"product_cat":[101,102],"product_tag":[],"class_list":{"0":"post-43580","1":"product","2":"type-product","3":"status-publish","4":"has-post-thumbnail","6":"product_cat-deporte-y-aventura","7":"product_cat-ocio-y-tiempo-libre","9":"first","10":"instock","11":"taxable","12":"shipping-taxable","13":"purchasable","14":"product-type-variable","15":"has-default-attributes"},"aioseo_notices":[],"_links":{"self":[{"href":"https:\/\/imprimeideas.es\/en\/wp-json\/wp\/v2\/product\/43580","targetHints":{"allow":["GET"]}}],"collection":[{"href":"https:\/\/imprimeideas.es\/en\/wp-json\/wp\/v2\/product"}],"about":[{"href":"https:\/\/imprimeideas.es\/en\/wp-json\/wp\/v2\/types\/product"}],"replies":[{"embeddable":true,"href":"https:\/\/imprimeideas.es\/en\/wp-json\/wp\/v2\/comments?post=43580"}],"version-history":[{"count":1,"href":"https:\/\/imprimeideas.es\/en\/wp-json\/wp\/v2\/product\/43580\/revisions"}],"predecessor-version":[{"id":55250,"href":"https:\/\/imprimeideas.es\/en\/wp-json\/wp\/v2\/product\/43580\/revisions\/55250"}],"wp:featuredmedia":[{"embeddable":true,"href":"https:\/\/imprimeideas.es\/en\/wp-json\/wp\/v2\/media\/83719"}],"wp:attachment":[{"href":"https:\/\/imprimeideas.es\/en\/wp-json\/wp\/v2\/media?parent=43580"}],"wp:term":[{"taxonomy":"product_brand","embeddable":true,"href":"https:\/\/imprimeideas.es\/en\/wp-json\/wp\/v2\/product_brand?post=43580"},{"taxonomy":"product_cat","embeddable":true,"href":"https:\/\/imprimeideas.es\/en\/wp-json\/wp\/v2\/product_cat?post=43580"},{"taxonomy":"product_tag","embeddable":true,"href":"https:\/\/imprimeideas.es\/en\/wp-json\/wp\/v2\/product_tag?post=43580"}],"curies":[{"name":"wp","href":"https:\/\/api.w.org\/{rel}","templated":true}]}}