{"id":43578,"date":"2026-02-24T11:31:23","date_gmt":"2026-02-24T10:31:23","guid":{"rendered":"https:\/\/imprimeideas.es\/?post_type=product&p=43578"},"modified":"2026-02-26T18:19:23","modified_gmt":"2026-02-26T17:19:23","slug":"set-barbacoa-estrol","status":"publish","type":"product","link":"https:\/\/imprimeideas.es\/en\/product\/set-barbacoa-estrol\/","title":{"rendered":"Set Barbacoa Estrol"},"content":{"rendered":"<p>Set de barbacoa elaborado en bamb\u00fa y acero inox. Este conjunto incluye 7 accesorios de metal con mangos de bamb\u00fa: 1 cuchillo, trinchador, pinzas, esp\u00e1tula, salero y pimentero, junto con una tabla de bamb\u00fa para corte y presentaci\u00f3n. El set se presenta de manera elegante en un estuche individual fabricado en resistente poli\u00e9ster, con sujeciones el\u00e1sticas interiores para los distintos utensilios.Materiales como el bamb\u00fa fomentan la utilizaci\u00f3n de materias primas naturales, reduciendo las emisiones contaminantes. Proviene de una planta de gran resistencia y versatilidad, con crecimiento y regeneraci\u00f3n r\u00e1pidos, siendo una excelente alternativa al uso de madera tradicional.<\/p>","protected":false},"excerpt":{"rendered":"<p>7 Accesorios. Funda Poli\u00e9ster<\/p>","protected":false},"featured_media":84399,"comment_status":"open","ping_status":"open","template":"","meta":{"inline_featured_image":false},"product_brand":[],"product_cat":[122,102],"product_tag":[],"class_list":{"0":"post-43578","1":"product","2":"type-product","3":"status-publish","4":"has-post-thumbnail","6":"product_cat-articulos-sostenibles","7":"product_cat-ocio-y-tiempo-libre","9":"first","10":"instock","11":"taxable","12":"shipping-taxable","13":"purchasable","14":"product-type-variable","15":"has-default-attributes"},"aioseo_notices":[],"_links":{"self":[{"href":"https:\/\/imprimeideas.es\/en\/wp-json\/wp\/v2\/product\/43578","targetHints":{"allow":["GET"]}}],"collection":[{"href":"https:\/\/imprimeideas.es\/en\/wp-json\/wp\/v2\/product"}],"about":[{"href":"https:\/\/imprimeideas.es\/en\/wp-json\/wp\/v2\/types\/product"}],"replies":[{"embeddable":true,"href":"https:\/\/imprimeideas.es\/en\/wp-json\/wp\/v2\/comments?post=43578"}],"version-history":[{"count":1,"href":"https:\/\/imprimeideas.es\/en\/wp-json\/wp\/v2\/product\/43578\/revisions"}],"predecessor-version":[{"id":55249,"href":"https:\/\/imprimeideas.es\/en\/wp-json\/wp\/v2\/product\/43578\/revisions\/55249"}],"wp:featuredmedia":[{"embeddable":true,"href":"https:\/\/imprimeideas.es\/en\/wp-json\/wp\/v2\/media\/84399"}],"wp:attachment":[{"href":"https:\/\/imprimeideas.es\/en\/wp-json\/wp\/v2\/media?parent=43578"}],"wp:term":[{"taxonomy":"product_brand","embeddable":true,"href":"https:\/\/imprimeideas.es\/en\/wp-json\/wp\/v2\/product_brand?post=43578"},{"taxonomy":"product_cat","embeddable":true,"href":"https:\/\/imprimeideas.es\/en\/wp-json\/wp\/v2\/product_cat?post=43578"},{"taxonomy":"product_tag","embeddable":true,"href":"https:\/\/imprimeideas.es\/en\/wp-json\/wp\/v2\/product_tag?post=43578"}],"curies":[{"name":"wp","href":"https:\/\/api.w.org\/{rel}","templated":true}]}}