{"id":43559,"date":"2026-02-24T11:31:20","date_gmt":"2026-02-24T10:31:20","guid":{"rendered":"https:\/\/imprimeideas.es\/?post_type=product&p=43559"},"modified":"2026-02-26T18:13:46","modified_gmt":"2026-02-26T17:13:46","slug":"bolsa-kasolin","status":"publish","type":"product","link":"https:\/\/imprimeideas.es\/en\/product\/bolsa-kasolin\/","title":{"rendered":"Bolsa Kasolin"},"content":{"rendered":"<p>Bolsa impermeable de 10L de capacidad, fabricada en resistente poli\u00e9ster 300D RPET. Cierre de seguridad, asa con hebilla de ajuste y mosquet\u00f3n incluido. Etiqueta distintiva de RPET en el cierre. Disponible en variada gama de colores bitono. Presentada en bolsa individual reciclada. El material RPET se elabora a partir de pl\u00e1stico reciclado, para as\u00ed fomentar la reutilizaci\u00f3n de residuos pl\u00e1sticos y ayudar a la sostenibilidad del planeta.<\/p>","protected":false},"excerpt":{"rendered":"<p>10 L. Impermeable<\/p>","protected":false},"featured_media":81759,"comment_status":"open","ping_status":"open","template":"","meta":{"inline_featured_image":false},"product_brand":[],"product_cat":[122,102,114],"product_tag":[],"class_list":{"0":"post-43559","1":"product","2":"type-product","3":"status-publish","4":"has-post-thumbnail","6":"product_cat-articulos-sostenibles","7":"product_cat-ocio-y-tiempo-libre","8":"product_cat-verano-y-playa","10":"first","11":"instock","12":"taxable","13":"shipping-taxable","14":"purchasable","15":"product-type-variable","16":"has-default-attributes"},"aioseo_notices":[],"_links":{"self":[{"href":"https:\/\/imprimeideas.es\/en\/wp-json\/wp\/v2\/product\/43559","targetHints":{"allow":["GET"]}}],"collection":[{"href":"https:\/\/imprimeideas.es\/en\/wp-json\/wp\/v2\/product"}],"about":[{"href":"https:\/\/imprimeideas.es\/en\/wp-json\/wp\/v2\/types\/product"}],"replies":[{"embeddable":true,"href":"https:\/\/imprimeideas.es\/en\/wp-json\/wp\/v2\/comments?post=43559"}],"version-history":[{"count":1,"href":"https:\/\/imprimeideas.es\/en\/wp-json\/wp\/v2\/product\/43559\/revisions"}],"predecessor-version":[{"id":55243,"href":"https:\/\/imprimeideas.es\/en\/wp-json\/wp\/v2\/product\/43559\/revisions\/55243"}],"wp:featuredmedia":[{"embeddable":true,"href":"https:\/\/imprimeideas.es\/en\/wp-json\/wp\/v2\/media\/81759"}],"wp:attachment":[{"href":"https:\/\/imprimeideas.es\/en\/wp-json\/wp\/v2\/media?parent=43559"}],"wp:term":[{"taxonomy":"product_brand","embeddable":true,"href":"https:\/\/imprimeideas.es\/en\/wp-json\/wp\/v2\/product_brand?post=43559"},{"taxonomy":"product_cat","embeddable":true,"href":"https:\/\/imprimeideas.es\/en\/wp-json\/wp\/v2\/product_cat?post=43559"},{"taxonomy":"product_tag","embeddable":true,"href":"https:\/\/imprimeideas.es\/en\/wp-json\/wp\/v2\/product_tag?post=43559"}],"curies":[{"name":"wp","href":"https:\/\/api.w.org\/{rel}","templated":true}]}}