{"id":43548,"date":"2026-02-24T11:31:19","date_gmt":"2026-02-24T10:31:19","guid":{"rendered":"https:\/\/imprimeideas.es\/?post_type=product&p=43548"},"modified":"2026-02-26T18:19:28","modified_gmt":"2026-02-26T17:19:28","slug":"manta-picnic-zoran","status":"publish","type":"product","link":"https:\/\/imprimeideas.es\/en\/product\/manta-picnic-zoran\/","title":{"rendered":"Manta Picnic Zoran"},"content":{"rendered":"<p>Manta de picnic premium fabricada en suave y c\u00e1lido polar fleece de 140g\/m2, con base en resistente poli\u00e9ster de 190g\/m2. En tama\u00f1o 120 x 150 cm y con cinta de transporte para hombro fabricada en resistente nylon, con cierre ajustable de velcro y a juego con el color de la manta. Adem\u00e1s, se pliega f\u00e1cilmente y est\u00e1 disponible en varios colores. Presentada en bolsa individual reciclada.<\/p>","protected":false},"excerpt":{"rendered":"<p>Manta de picnic premium fabricada en suave y c\u00e1lido polar fleece de 140g\/m2, con base en resistente poli\u00e9ster de 190g\/m2.<\/p>","protected":false},"featured_media":79817,"comment_status":"open","ping_status":"open","template":"","meta":{"inline_featured_image":false},"product_brand":[],"product_cat":[102],"product_tag":[],"class_list":{"0":"post-43548","1":"product","2":"type-product","3":"status-publish","4":"has-post-thumbnail","6":"product_cat-ocio-y-tiempo-libre","8":"first","9":"instock","10":"taxable","11":"shipping-taxable","12":"purchasable","13":"product-type-variable","14":"has-default-attributes"},"aioseo_notices":[],"_links":{"self":[{"href":"https:\/\/imprimeideas.es\/en\/wp-json\/wp\/v2\/product\/43548","targetHints":{"allow":["GET"]}}],"collection":[{"href":"https:\/\/imprimeideas.es\/en\/wp-json\/wp\/v2\/product"}],"about":[{"href":"https:\/\/imprimeideas.es\/en\/wp-json\/wp\/v2\/types\/product"}],"replies":[{"embeddable":true,"href":"https:\/\/imprimeideas.es\/en\/wp-json\/wp\/v2\/comments?post=43548"}],"version-history":[{"count":1,"href":"https:\/\/imprimeideas.es\/en\/wp-json\/wp\/v2\/product\/43548\/revisions"}],"predecessor-version":[{"id":55240,"href":"https:\/\/imprimeideas.es\/en\/wp-json\/wp\/v2\/product\/43548\/revisions\/55240"}],"wp:featuredmedia":[{"embeddable":true,"href":"https:\/\/imprimeideas.es\/en\/wp-json\/wp\/v2\/media\/79817"}],"wp:attachment":[{"href":"https:\/\/imprimeideas.es\/en\/wp-json\/wp\/v2\/media?parent=43548"}],"wp:term":[{"taxonomy":"product_brand","embeddable":true,"href":"https:\/\/imprimeideas.es\/en\/wp-json\/wp\/v2\/product_brand?post=43548"},{"taxonomy":"product_cat","embeddable":true,"href":"https:\/\/imprimeideas.es\/en\/wp-json\/wp\/v2\/product_cat?post=43548"},{"taxonomy":"product_tag","embeddable":true,"href":"https:\/\/imprimeideas.es\/en\/wp-json\/wp\/v2\/product_tag?post=43548"}],"curies":[{"name":"wp","href":"https:\/\/api.w.org\/{rel}","templated":true}]}}