{"id":43522,"date":"2026-02-24T11:31:16","date_gmt":"2026-02-24T10:31:16","guid":{"rendered":"https:\/\/imprimeideas.es\/?post_type=product&p=43522"},"modified":"2026-02-26T18:33:01","modified_gmt":"2026-02-26T17:33:01","slug":"masajeador-owura","status":"publish","type":"product","link":"https:\/\/imprimeideas.es\/en\/product\/masajeador-owura\/","title":{"rendered":"Masajeador Owura"},"content":{"rendered":"<p>Masajeador el\u00e9ctrico. Ayuda a relajar los m\u00fasculos, aliviar los efectos del entrenamiento, liberar tensi\u00f3n y revitalizar el cuerpo. Con dos posiciones de intensidad y 4 cabezales para usar en distintas zonas del cuerpo. Bater\u00eda recargable de larga duraci\u00f3n de 1200 mAh &#8211; cable de carga USB incluido-. Disponible manual de instrucciones en espa\u00f1ol e ingl\u00e9s.<\/p>","protected":false},"excerpt":{"rendered":"<p>4 Accesorios. 6 Posiciones. Bater\u00eda 1200 mAh<\/p>","protected":false},"featured_media":80961,"comment_status":"open","ping_status":"open","template":"","meta":{"inline_featured_image":false},"product_brand":[],"product_cat":[107,106],"product_tag":[],"class_list":{"0":"post-43522","1":"product","2":"type-product","3":"status-publish","4":"has-post-thumbnail","6":"product_cat-cuidado-personal-y-pharma","7":"product_cat-regalos-y-premiums","9":"first","10":"outofstock","11":"taxable","12":"shipping-taxable","13":"purchasable","14":"product-type-variable","15":"has-default-attributes"},"aioseo_notices":[],"_links":{"self":[{"href":"https:\/\/imprimeideas.es\/en\/wp-json\/wp\/v2\/product\/43522","targetHints":{"allow":["GET"]}}],"collection":[{"href":"https:\/\/imprimeideas.es\/en\/wp-json\/wp\/v2\/product"}],"about":[{"href":"https:\/\/imprimeideas.es\/en\/wp-json\/wp\/v2\/types\/product"}],"replies":[{"embeddable":true,"href":"https:\/\/imprimeideas.es\/en\/wp-json\/wp\/v2\/comments?post=43522"}],"version-history":[{"count":1,"href":"https:\/\/imprimeideas.es\/en\/wp-json\/wp\/v2\/product\/43522\/revisions"}],"predecessor-version":[{"id":55232,"href":"https:\/\/imprimeideas.es\/en\/wp-json\/wp\/v2\/product\/43522\/revisions\/55232"}],"wp:featuredmedia":[{"embeddable":true,"href":"https:\/\/imprimeideas.es\/en\/wp-json\/wp\/v2\/media\/80961"}],"wp:attachment":[{"href":"https:\/\/imprimeideas.es\/en\/wp-json\/wp\/v2\/media?parent=43522"}],"wp:term":[{"taxonomy":"product_brand","embeddable":true,"href":"https:\/\/imprimeideas.es\/en\/wp-json\/wp\/v2\/product_brand?post=43522"},{"taxonomy":"product_cat","embeddable":true,"href":"https:\/\/imprimeideas.es\/en\/wp-json\/wp\/v2\/product_cat?post=43522"},{"taxonomy":"product_tag","embeddable":true,"href":"https:\/\/imprimeideas.es\/en\/wp-json\/wp\/v2\/product_tag?post=43522"}],"curies":[{"name":"wp","href":"https:\/\/api.w.org\/{rel}","templated":true}]}}