{"id":43520,"date":"2026-02-24T11:31:16","date_gmt":"2026-02-24T10:31:16","guid":{"rendered":"https:\/\/imprimeideas.es\/?post_type=product&p=43520"},"modified":"2026-02-26T18:13:40","modified_gmt":"2026-02-26T17:13:40","slug":"balon-horisun","status":"publish","type":"product","link":"https:\/\/imprimeideas.es\/en\/product\/balon-horisun\/","title":{"rendered":"Bal\u00f3n Horisun"},"content":{"rendered":"<p>Bal\u00f3n de futbol de dise\u00f1o retro fabricado en resistente polipiel. Con dise\u00f1o inspirado en los antiguos balones de cuero y v\u00e1lvula reforzada con un cord\u00f3n en el mismo material. Ideal para exposici\u00f3n o para disfrutar del juego. Presentaci\u00f3n desinflado y en bolsa individual reciclada.<\/p>","protected":false},"excerpt":{"rendered":"<p>Tama\u00f1o: 5<\/p>","protected":false},"featured_media":73941,"comment_status":"open","ping_status":"open","template":"","meta":{"inline_featured_image":false},"product_brand":[],"product_cat":[101,108],"product_tag":[],"class_list":{"0":"post-43520","1":"product","2":"type-product","3":"status-publish","4":"has-post-thumbnail","6":"product_cat-deporte-y-aventura","7":"product_cat-infantil","9":"first","10":"instock","11":"taxable","12":"shipping-taxable","13":"purchasable","14":"product-type-variable","15":"has-default-attributes"},"aioseo_notices":[],"_links":{"self":[{"href":"https:\/\/imprimeideas.es\/en\/wp-json\/wp\/v2\/product\/43520","targetHints":{"allow":["GET"]}}],"collection":[{"href":"https:\/\/imprimeideas.es\/en\/wp-json\/wp\/v2\/product"}],"about":[{"href":"https:\/\/imprimeideas.es\/en\/wp-json\/wp\/v2\/types\/product"}],"replies":[{"embeddable":true,"href":"https:\/\/imprimeideas.es\/en\/wp-json\/wp\/v2\/comments?post=43520"}],"version-history":[{"count":1,"href":"https:\/\/imprimeideas.es\/en\/wp-json\/wp\/v2\/product\/43520\/revisions"}],"predecessor-version":[{"id":55231,"href":"https:\/\/imprimeideas.es\/en\/wp-json\/wp\/v2\/product\/43520\/revisions\/55231"}],"wp:featuredmedia":[{"embeddable":true,"href":"https:\/\/imprimeideas.es\/en\/wp-json\/wp\/v2\/media\/73941"}],"wp:attachment":[{"href":"https:\/\/imprimeideas.es\/en\/wp-json\/wp\/v2\/media?parent=43520"}],"wp:term":[{"taxonomy":"product_brand","embeddable":true,"href":"https:\/\/imprimeideas.es\/en\/wp-json\/wp\/v2\/product_brand?post=43520"},{"taxonomy":"product_cat","embeddable":true,"href":"https:\/\/imprimeideas.es\/en\/wp-json\/wp\/v2\/product_cat?post=43520"},{"taxonomy":"product_tag","embeddable":true,"href":"https:\/\/imprimeideas.es\/en\/wp-json\/wp\/v2\/product_tag?post=43520"}],"curies":[{"name":"wp","href":"https:\/\/api.w.org\/{rel}","templated":true}]}}