{"id":43517,"date":"2026-02-24T11:31:16","date_gmt":"2026-02-24T10:31:16","guid":{"rendered":"https:\/\/imprimeideas.es\/?post_type=product&p=43517"},"modified":"2026-02-26T18:08:14","modified_gmt":"2026-02-26T17:08:14","slug":"guante-deportivo-scot","status":"publish","type":"product","link":"https:\/\/imprimeideas.es\/en\/product\/guante-deportivo-scot\/","title":{"rendered":"Guante Deportivo Scot"},"content":{"rendered":"<p>Guantes deportivos fabricados en suave poli\u00e9ster y licra de neopreno, cuya combinaci\u00f3n de tejidos crea una segunda piel que se adapta a la mano. cuentan con un cierre en la mu\u00f1eca mediante velcro. Estos guantes son c\u00f3modos para cualquier disciplina gracias a su alta transpirabilidad, que se logra mediante el dise\u00f1o de dedos al aire y los disipadores de calor en la parte superior, que adem\u00e1s presentan un acabado rugoso para un \u00f3ptimo agarre. Disponibles en color negro y con costuras en gris, en tallas S-M y L-XL. Presentados en una bolsa reciclada.<\/p>","protected":false},"excerpt":{"rendered":"<p>Guantes deportivos fabricados en suave poli\u00e9ster y licra de neopreno, cuya combinaci\u00f3n de tejidos crea una segunda piel que se<\/p>","protected":false},"featured_media":70868,"comment_status":"open","ping_status":"open","template":"","meta":{"inline_featured_image":false},"product_brand":[],"product_cat":[101],"product_tag":[],"class_list":{"0":"post-43517","1":"product","2":"type-product","3":"status-publish","4":"has-post-thumbnail","6":"product_cat-deporte-y-aventura","8":"first","9":"instock","10":"taxable","11":"shipping-taxable","12":"purchasable","13":"product-type-variable","14":"has-default-attributes"},"aioseo_notices":[],"_links":{"self":[{"href":"https:\/\/imprimeideas.es\/en\/wp-json\/wp\/v2\/product\/43517","targetHints":{"allow":["GET"]}}],"collection":[{"href":"https:\/\/imprimeideas.es\/en\/wp-json\/wp\/v2\/product"}],"about":[{"href":"https:\/\/imprimeideas.es\/en\/wp-json\/wp\/v2\/types\/product"}],"replies":[{"embeddable":true,"href":"https:\/\/imprimeideas.es\/en\/wp-json\/wp\/v2\/comments?post=43517"}],"version-history":[{"count":1,"href":"https:\/\/imprimeideas.es\/en\/wp-json\/wp\/v2\/product\/43517\/revisions"}],"predecessor-version":[{"id":55230,"href":"https:\/\/imprimeideas.es\/en\/wp-json\/wp\/v2\/product\/43517\/revisions\/55230"}],"wp:featuredmedia":[{"embeddable":true,"href":"https:\/\/imprimeideas.es\/en\/wp-json\/wp\/v2\/media\/70868"}],"wp:attachment":[{"href":"https:\/\/imprimeideas.es\/en\/wp-json\/wp\/v2\/media?parent=43517"}],"wp:term":[{"taxonomy":"product_brand","embeddable":true,"href":"https:\/\/imprimeideas.es\/en\/wp-json\/wp\/v2\/product_brand?post=43517"},{"taxonomy":"product_cat","embeddable":true,"href":"https:\/\/imprimeideas.es\/en\/wp-json\/wp\/v2\/product_cat?post=43517"},{"taxonomy":"product_tag","embeddable":true,"href":"https:\/\/imprimeideas.es\/en\/wp-json\/wp\/v2\/product_tag?post=43517"}],"curies":[{"name":"wp","href":"https:\/\/api.w.org\/{rel}","templated":true}]}}