{"id":43491,"date":"2026-02-24T11:31:12","date_gmt":"2026-02-24T10:31:12","guid":{"rendered":"https:\/\/imprimeideas.es\/?post_type=product&p=43491"},"modified":"2026-02-26T18:08:06","modified_gmt":"2026-02-26T17:08:06","slug":"munequera-kelsey","status":"publish","type":"product","link":"https:\/\/imprimeideas.es\/en\/product\/munequera-kelsey\/","title":{"rendered":"Mu\u00f1equera Kelsey"},"content":{"rendered":"<p>Mu\u00f1equera el\u00e1stica en alta calidad, fabricada en material t\u00e9cnico 100% algod\u00f3n. Dise\u00f1ada para actividades deportivas y de ocio.<\/p>","protected":false},"excerpt":{"rendered":"<p>Mu\u00f1equera el\u00e1stica en alta calidad, fabricada en material t\u00e9cnico 100% algod\u00f3n. Dise\u00f1ada para actividades deportivas y de ocio.<\/p>","protected":false},"featured_media":60931,"comment_status":"open","ping_status":"open","template":"","meta":{"inline_featured_image":false},"product_brand":[],"product_cat":[101],"product_tag":[],"class_list":{"0":"post-43491","1":"product","2":"type-product","3":"status-publish","4":"has-post-thumbnail","6":"product_cat-deporte-y-aventura","8":"first","9":"instock","10":"taxable","11":"shipping-taxable","12":"purchasable","13":"product-type-variable","14":"has-default-attributes"},"aioseo_notices":[],"_links":{"self":[{"href":"https:\/\/imprimeideas.es\/en\/wp-json\/wp\/v2\/product\/43491","targetHints":{"allow":["GET"]}}],"collection":[{"href":"https:\/\/imprimeideas.es\/en\/wp-json\/wp\/v2\/product"}],"about":[{"href":"https:\/\/imprimeideas.es\/en\/wp-json\/wp\/v2\/types\/product"}],"replies":[{"embeddable":true,"href":"https:\/\/imprimeideas.es\/en\/wp-json\/wp\/v2\/comments?post=43491"}],"version-history":[{"count":1,"href":"https:\/\/imprimeideas.es\/en\/wp-json\/wp\/v2\/product\/43491\/revisions"}],"predecessor-version":[{"id":55225,"href":"https:\/\/imprimeideas.es\/en\/wp-json\/wp\/v2\/product\/43491\/revisions\/55225"}],"wp:featuredmedia":[{"embeddable":true,"href":"https:\/\/imprimeideas.es\/en\/wp-json\/wp\/v2\/media\/60931"}],"wp:attachment":[{"href":"https:\/\/imprimeideas.es\/en\/wp-json\/wp\/v2\/media?parent=43491"}],"wp:term":[{"taxonomy":"product_brand","embeddable":true,"href":"https:\/\/imprimeideas.es\/en\/wp-json\/wp\/v2\/product_brand?post=43491"},{"taxonomy":"product_cat","embeddable":true,"href":"https:\/\/imprimeideas.es\/en\/wp-json\/wp\/v2\/product_cat?post=43491"},{"taxonomy":"product_tag","embeddable":true,"href":"https:\/\/imprimeideas.es\/en\/wp-json\/wp\/v2\/product_tag?post=43491"}],"curies":[{"name":"wp","href":"https:\/\/api.w.org\/{rel}","templated":true}]}}