{"id":43481,"date":"2026-02-24T11:31:11","date_gmt":"2026-02-24T10:31:11","guid":{"rendered":"https:\/\/imprimeideas.es\/?post_type=product&p=43481"},"modified":"2026-02-26T18:32:48","modified_gmt":"2026-02-26T17:32:48","slug":"set-luces-seguridad-bici-remko","status":"publish","type":"product","link":"https:\/\/imprimeideas.es\/en\/product\/set-luces-seguridad-bici-remko\/","title":{"rendered":"Set Luces Seguridad Bici Remko"},"content":{"rendered":"<p>Kit de luces de seguridad para bicicleta fabricadas en silicona y ABS. Este conjunto consta de dos piezas: una luz blanca para el frontal y otra luz roja para la parte trasera, mejorando la visibilidad. Equipadas con tres potentes LEDs, que ofrecen 4 modos de iluminaci\u00f3n: fijo de intensidad alta o media, e intermitente r\u00e1pido o lento. Recargable gracias a su bater\u00eda de 650 mAh de capacidad, con cable de carga incluido. Con accesorios de acople v\u00e1lidos para cualquier bicicleta y presentado en caja de dise\u00f1o kraft.<\/p>","protected":false},"excerpt":{"rendered":"<p>2 Piezas. 3 Ledes. 4 Posiciones de Luz, Fija e Intermitente. Bater\u00eda 650 mAh<\/p>","protected":false},"featured_media":76654,"comment_status":"open","ping_status":"open","template":"","meta":{"inline_featured_image":false},"product_brand":[],"product_cat":[101],"product_tag":[],"class_list":{"0":"post-43481","1":"product","2":"type-product","3":"status-publish","4":"has-post-thumbnail","6":"product_cat-deporte-y-aventura","8":"first","9":"instock","10":"taxable","11":"shipping-taxable","12":"purchasable","13":"product-type-variable","14":"has-default-attributes"},"aioseo_notices":[],"_links":{"self":[{"href":"https:\/\/imprimeideas.es\/en\/wp-json\/wp\/v2\/product\/43481","targetHints":{"allow":["GET"]}}],"collection":[{"href":"https:\/\/imprimeideas.es\/en\/wp-json\/wp\/v2\/product"}],"about":[{"href":"https:\/\/imprimeideas.es\/en\/wp-json\/wp\/v2\/types\/product"}],"replies":[{"embeddable":true,"href":"https:\/\/imprimeideas.es\/en\/wp-json\/wp\/v2\/comments?post=43481"}],"version-history":[{"count":1,"href":"https:\/\/imprimeideas.es\/en\/wp-json\/wp\/v2\/product\/43481\/revisions"}],"predecessor-version":[{"id":55220,"href":"https:\/\/imprimeideas.es\/en\/wp-json\/wp\/v2\/product\/43481\/revisions\/55220"}],"wp:featuredmedia":[{"embeddable":true,"href":"https:\/\/imprimeideas.es\/en\/wp-json\/wp\/v2\/media\/76654"}],"wp:attachment":[{"href":"https:\/\/imprimeideas.es\/en\/wp-json\/wp\/v2\/media?parent=43481"}],"wp:term":[{"taxonomy":"product_brand","embeddable":true,"href":"https:\/\/imprimeideas.es\/en\/wp-json\/wp\/v2\/product_brand?post=43481"},{"taxonomy":"product_cat","embeddable":true,"href":"https:\/\/imprimeideas.es\/en\/wp-json\/wp\/v2\/product_cat?post=43481"},{"taxonomy":"product_tag","embeddable":true,"href":"https:\/\/imprimeideas.es\/en\/wp-json\/wp\/v2\/product_tag?post=43481"}],"curies":[{"name":"wp","href":"https:\/\/api.w.org\/{rel}","templated":true}]}}