{"id":43476,"date":"2026-02-24T11:31:11","date_gmt":"2026-02-24T10:31:11","guid":{"rendered":"https:\/\/imprimeideas.es\/?post_type=product&p=43476"},"modified":"2026-02-26T18:08:25","modified_gmt":"2026-02-26T17:08:25","slug":"luz-seguridad-bici-havu","status":"publish","type":"product","link":"https:\/\/imprimeideas.es\/en\/product\/luz-seguridad-bici-havu\/","title":{"rendered":"Luz Seguridad Bici Havu"},"content":{"rendered":"<p>Luz de seguridad para bicicletas con cinco posiciones de luz (fija blanca o roja, intermitente rojo r\u00e1pido o lento, mixto con luz blanca y roja). Recargable gracias a su bater\u00eda de 350 mAh de capacidad, con cable de carga incluido. Con accesorio de acople v\u00e1lido para cualquier bicicleta y presentada en caja de dise\u00f1o kraft.<\/p>","protected":false},"excerpt":{"rendered":"<p>10 Luces COB. 5 Posiciones de Luz, Fija e Intermitente. Bater\u00eda 350 mAh<\/p>","protected":false},"featured_media":43824,"comment_status":"open","ping_status":"open","template":"","meta":{"inline_featured_image":false},"product_brand":[],"product_cat":[101],"product_tag":[],"class_list":{"0":"post-43476","1":"product","2":"type-product","3":"status-publish","4":"has-post-thumbnail","6":"product_cat-deporte-y-aventura","8":"first","9":"instock","10":"taxable","11":"shipping-taxable","12":"purchasable","13":"product-type-variable","14":"has-default-attributes"},"aioseo_notices":[],"_links":{"self":[{"href":"https:\/\/imprimeideas.es\/en\/wp-json\/wp\/v2\/product\/43476","targetHints":{"allow":["GET"]}}],"collection":[{"href":"https:\/\/imprimeideas.es\/en\/wp-json\/wp\/v2\/product"}],"about":[{"href":"https:\/\/imprimeideas.es\/en\/wp-json\/wp\/v2\/types\/product"}],"replies":[{"embeddable":true,"href":"https:\/\/imprimeideas.es\/en\/wp-json\/wp\/v2\/comments?post=43476"}],"version-history":[{"count":1,"href":"https:\/\/imprimeideas.es\/en\/wp-json\/wp\/v2\/product\/43476\/revisions"}],"predecessor-version":[{"id":55218,"href":"https:\/\/imprimeideas.es\/en\/wp-json\/wp\/v2\/product\/43476\/revisions\/55218"}],"wp:featuredmedia":[{"embeddable":true,"href":"https:\/\/imprimeideas.es\/en\/wp-json\/wp\/v2\/media\/43824"}],"wp:attachment":[{"href":"https:\/\/imprimeideas.es\/en\/wp-json\/wp\/v2\/media?parent=43476"}],"wp:term":[{"taxonomy":"product_brand","embeddable":true,"href":"https:\/\/imprimeideas.es\/en\/wp-json\/wp\/v2\/product_brand?post=43476"},{"taxonomy":"product_cat","embeddable":true,"href":"https:\/\/imprimeideas.es\/en\/wp-json\/wp\/v2\/product_cat?post=43476"},{"taxonomy":"product_tag","embeddable":true,"href":"https:\/\/imprimeideas.es\/en\/wp-json\/wp\/v2\/product_tag?post=43476"}],"curies":[{"name":"wp","href":"https:\/\/api.w.org\/{rel}","templated":true}]}}