{"id":43474,"date":"2026-02-24T11:31:11","date_gmt":"2026-02-24T10:31:11","guid":{"rendered":"https:\/\/imprimeideas.es\/?post_type=product&p=43474"},"modified":"2026-02-26T18:19:20","modified_gmt":"2026-02-26T17:19:20","slug":"mini-bomba-inflado-diede","status":"publish","type":"product","link":"https:\/\/imprimeideas.es\/en\/product\/mini-bomba-inflado-diede\/","title":{"rendered":"Mini Bomba Inflado Diede"},"content":{"rendered":"<p>Pr\u00e1ctica bomba para bicicleta, fabricada en resistente aluminio. De inflado manual y en tama\u00f1o reducido, con accesorio de acople v\u00e1lido para cualquier tipo de bicicleta.<\/p>","protected":false},"excerpt":{"rendered":"<p>3 Accesorios<\/p>","protected":false},"featured_media":65286,"comment_status":"open","ping_status":"open","template":"","meta":{"inline_featured_image":false},"product_brand":[],"product_cat":[101],"product_tag":[],"class_list":{"0":"post-43474","1":"product","2":"type-product","3":"status-publish","4":"has-post-thumbnail","6":"product_cat-deporte-y-aventura","8":"first","9":"outofstock","10":"taxable","11":"shipping-taxable","12":"purchasable","13":"product-type-variable","14":"has-default-attributes"},"aioseo_notices":[],"_links":{"self":[{"href":"https:\/\/imprimeideas.es\/en\/wp-json\/wp\/v2\/product\/43474","targetHints":{"allow":["GET"]}}],"collection":[{"href":"https:\/\/imprimeideas.es\/en\/wp-json\/wp\/v2\/product"}],"about":[{"href":"https:\/\/imprimeideas.es\/en\/wp-json\/wp\/v2\/types\/product"}],"replies":[{"embeddable":true,"href":"https:\/\/imprimeideas.es\/en\/wp-json\/wp\/v2\/comments?post=43474"}],"version-history":[{"count":1,"href":"https:\/\/imprimeideas.es\/en\/wp-json\/wp\/v2\/product\/43474\/revisions"}],"predecessor-version":[{"id":55217,"href":"https:\/\/imprimeideas.es\/en\/wp-json\/wp\/v2\/product\/43474\/revisions\/55217"}],"wp:featuredmedia":[{"embeddable":true,"href":"https:\/\/imprimeideas.es\/en\/wp-json\/wp\/v2\/media\/65286"}],"wp:attachment":[{"href":"https:\/\/imprimeideas.es\/en\/wp-json\/wp\/v2\/media?parent=43474"}],"wp:term":[{"taxonomy":"product_brand","embeddable":true,"href":"https:\/\/imprimeideas.es\/en\/wp-json\/wp\/v2\/product_brand?post=43474"},{"taxonomy":"product_cat","embeddable":true,"href":"https:\/\/imprimeideas.es\/en\/wp-json\/wp\/v2\/product_cat?post=43474"},{"taxonomy":"product_tag","embeddable":true,"href":"https:\/\/imprimeideas.es\/en\/wp-json\/wp\/v2\/product_tag?post=43474"}],"curies":[{"name":"wp","href":"https:\/\/api.w.org\/{rel}","templated":true}]}}