{"id":43472,"date":"2026-02-24T11:31:10","date_gmt":"2026-02-24T10:31:10","guid":{"rendered":"https:\/\/imprimeideas.es\/?post_type=product&p=43472"},"modified":"2026-02-26T18:19:07","modified_gmt":"2026-02-26T17:19:07","slug":"chaleco-reflectante-elisian","status":"publish","type":"product","link":"https:\/\/imprimeideas.es\/en\/product\/chaleco-reflectante-elisian\/","title":{"rendered":"Chaleco Reflectante Elisian"},"content":{"rendered":"<p>Chaleco reflectante homologado seg\u00fan normativa CE. Muy c\u00f3modo y f\u00e1cil de usar, gracias a sus 4 hebillas ajustables y su cierre de hebilla. Disponible en color amarillo fluorescente, con bandas reflectantes y en talla \u00fanica para adulto.<\/p>","protected":false},"excerpt":{"rendered":"<p>Talla \u00danica. Adulto. Homologado. Ajustable<\/p>","protected":false},"featured_media":83201,"comment_status":"open","ping_status":"open","template":"","meta":{"inline_featured_image":false},"product_brand":[],"product_cat":[101],"product_tag":[],"class_list":{"0":"post-43472","1":"product","2":"type-product","3":"status-publish","4":"has-post-thumbnail","6":"product_cat-deporte-y-aventura","8":"first","9":"outofstock","10":"taxable","11":"shipping-taxable","12":"purchasable","13":"product-type-variable","14":"has-default-attributes"},"aioseo_notices":[],"_links":{"self":[{"href":"https:\/\/imprimeideas.es\/en\/wp-json\/wp\/v2\/product\/43472","targetHints":{"allow":["GET"]}}],"collection":[{"href":"https:\/\/imprimeideas.es\/en\/wp-json\/wp\/v2\/product"}],"about":[{"href":"https:\/\/imprimeideas.es\/en\/wp-json\/wp\/v2\/types\/product"}],"replies":[{"embeddable":true,"href":"https:\/\/imprimeideas.es\/en\/wp-json\/wp\/v2\/comments?post=43472"}],"version-history":[{"count":1,"href":"https:\/\/imprimeideas.es\/en\/wp-json\/wp\/v2\/product\/43472\/revisions"}],"predecessor-version":[{"id":55216,"href":"https:\/\/imprimeideas.es\/en\/wp-json\/wp\/v2\/product\/43472\/revisions\/55216"}],"wp:featuredmedia":[{"embeddable":true,"href":"https:\/\/imprimeideas.es\/en\/wp-json\/wp\/v2\/media\/83201"}],"wp:attachment":[{"href":"https:\/\/imprimeideas.es\/en\/wp-json\/wp\/v2\/media?parent=43472"}],"wp:term":[{"taxonomy":"product_brand","embeddable":true,"href":"https:\/\/imprimeideas.es\/en\/wp-json\/wp\/v2\/product_brand?post=43472"},{"taxonomy":"product_cat","embeddable":true,"href":"https:\/\/imprimeideas.es\/en\/wp-json\/wp\/v2\/product_cat?post=43472"},{"taxonomy":"product_tag","embeddable":true,"href":"https:\/\/imprimeideas.es\/en\/wp-json\/wp\/v2\/product_tag?post=43472"}],"curies":[{"name":"wp","href":"https:\/\/api.w.org\/{rel}","templated":true}]}}