{"id":43461,"date":"2026-02-24T11:31:09","date_gmt":"2026-02-24T10:31:09","guid":{"rendered":"https:\/\/imprimeideas.es\/?post_type=product&p=43461"},"modified":"2026-02-26T18:03:08","modified_gmt":"2026-02-26T17:03:08","slug":"bolsa-balon-lafin","status":"publish","type":"product","link":"https:\/\/imprimeideas.es\/en\/product\/bolsa-balon-lafin\/","title":{"rendered":"Bolsa Bal\u00f3n Lafin"},"content":{"rendered":"<p>Pr\u00e1ctica bolsa para balones fabricada en RPET. Cuenta con un compartimento central que permite guardar una pelota mediante un cierre de cremallera, siendo f\u00e1cil de transportar tanto por el asa de mano como por la cinta para hombro. Adem\u00e1s, dispone de dos bolsillos laterales de rejilla. Con logotipo RPET en etiqueta.El material RPET se elabora a partir de pl\u00e1stico reciclado, para as\u00ed fomentar la reutilizaci\u00f3n de residuos pl\u00e1sticos y ayudar a la sostenibilidad del planeta.<\/p>","protected":false},"excerpt":{"rendered":"<p>Pr\u00e1ctica bolsa para balones fabricada en RPET. Cuenta con un compartimento central que permite guardar una pelota mediante un cierre<\/p>","protected":false},"featured_media":71234,"comment_status":"open","ping_status":"open","template":"","meta":{"inline_featured_image":false},"product_brand":[],"product_cat":[122,94],"product_tag":[],"class_list":{"0":"post-43461","1":"product","2":"type-product","3":"status-publish","4":"has-post-thumbnail","6":"product_cat-articulos-sostenibles","7":"product_cat-mochilas","9":"first","10":"instock","11":"taxable","12":"shipping-taxable","13":"purchasable","14":"product-type-variable","15":"has-default-attributes"},"aioseo_notices":[],"_links":{"self":[{"href":"https:\/\/imprimeideas.es\/en\/wp-json\/wp\/v2\/product\/43461","targetHints":{"allow":["GET"]}}],"collection":[{"href":"https:\/\/imprimeideas.es\/en\/wp-json\/wp\/v2\/product"}],"about":[{"href":"https:\/\/imprimeideas.es\/en\/wp-json\/wp\/v2\/types\/product"}],"replies":[{"embeddable":true,"href":"https:\/\/imprimeideas.es\/en\/wp-json\/wp\/v2\/comments?post=43461"}],"version-history":[{"count":1,"href":"https:\/\/imprimeideas.es\/en\/wp-json\/wp\/v2\/product\/43461\/revisions"}],"predecessor-version":[{"id":55213,"href":"https:\/\/imprimeideas.es\/en\/wp-json\/wp\/v2\/product\/43461\/revisions\/55213"}],"wp:featuredmedia":[{"embeddable":true,"href":"https:\/\/imprimeideas.es\/en\/wp-json\/wp\/v2\/media\/71234"}],"wp:attachment":[{"href":"https:\/\/imprimeideas.es\/en\/wp-json\/wp\/v2\/media?parent=43461"}],"wp:term":[{"taxonomy":"product_brand","embeddable":true,"href":"https:\/\/imprimeideas.es\/en\/wp-json\/wp\/v2\/product_brand?post=43461"},{"taxonomy":"product_cat","embeddable":true,"href":"https:\/\/imprimeideas.es\/en\/wp-json\/wp\/v2\/product_cat?post=43461"},{"taxonomy":"product_tag","embeddable":true,"href":"https:\/\/imprimeideas.es\/en\/wp-json\/wp\/v2\/product_tag?post=43461"}],"curies":[{"name":"wp","href":"https:\/\/api.w.org\/{rel}","templated":true}]}}