{"id":43450,"date":"2026-02-24T11:31:08","date_gmt":"2026-02-24T10:31:08","guid":{"rendered":"https:\/\/imprimeideas.es\/?post_type=product&p=43450"},"modified":"2026-02-26T18:13:55","modified_gmt":"2026-02-26T17:13:55","slug":"toalla-golf-brylix","status":"publish","type":"product","link":"https:\/\/imprimeideas.es\/en\/product\/toalla-golf-brylix\/","title":{"rendered":"Toalla Golf Brylix"},"content":{"rendered":"<p>Toalla de golf fabricada en RPET, absorbente y suave con dimensiones de 40&#215;60 cm. En el centro, incorpora una argolla reforzada y un mosquet\u00f3n de acople, ambos elaborados en acero inox. Con logotipo RPET en etiqueta.El material RPET se elabora a partir de pl\u00e1stico reciclado, para as\u00ed fomentar la reutilizaci\u00f3n de residuos pl\u00e1sticos y ayudar a la sostenibilidad del planeta.<\/p>","protected":false},"excerpt":{"rendered":"<p>Toalla de golf fabricada en RPET, absorbente y suave con dimensiones de 40&#215;60 cm. En el centro, incorpora una argolla<\/p>","protected":false},"featured_media":73776,"comment_status":"open","ping_status":"open","template":"","meta":{"inline_featured_image":false},"product_brand":[],"product_cat":[122],"product_tag":[],"class_list":{"0":"post-43450","1":"product","2":"type-product","3":"status-publish","4":"has-post-thumbnail","6":"product_cat-articulos-sostenibles","8":"first","9":"instock","10":"taxable","11":"shipping-taxable","12":"purchasable","13":"product-type-variable","14":"has-default-attributes"},"aioseo_notices":[],"_links":{"self":[{"href":"https:\/\/imprimeideas.es\/en\/wp-json\/wp\/v2\/product\/43450","targetHints":{"allow":["GET"]}}],"collection":[{"href":"https:\/\/imprimeideas.es\/en\/wp-json\/wp\/v2\/product"}],"about":[{"href":"https:\/\/imprimeideas.es\/en\/wp-json\/wp\/v2\/types\/product"}],"replies":[{"embeddable":true,"href":"https:\/\/imprimeideas.es\/en\/wp-json\/wp\/v2\/comments?post=43450"}],"version-history":[{"count":1,"href":"https:\/\/imprimeideas.es\/en\/wp-json\/wp\/v2\/product\/43450\/revisions"}],"predecessor-version":[{"id":55211,"href":"https:\/\/imprimeideas.es\/en\/wp-json\/wp\/v2\/product\/43450\/revisions\/55211"}],"wp:featuredmedia":[{"embeddable":true,"href":"https:\/\/imprimeideas.es\/en\/wp-json\/wp\/v2\/media\/73776"}],"wp:attachment":[{"href":"https:\/\/imprimeideas.es\/en\/wp-json\/wp\/v2\/media?parent=43450"}],"wp:term":[{"taxonomy":"product_brand","embeddable":true,"href":"https:\/\/imprimeideas.es\/en\/wp-json\/wp\/v2\/product_brand?post=43450"},{"taxonomy":"product_cat","embeddable":true,"href":"https:\/\/imprimeideas.es\/en\/wp-json\/wp\/v2\/product_cat?post=43450"},{"taxonomy":"product_tag","embeddable":true,"href":"https:\/\/imprimeideas.es\/en\/wp-json\/wp\/v2\/product_tag?post=43450"}],"curies":[{"name":"wp","href":"https:\/\/api.w.org\/{rel}","templated":true}]}}