{"id":43446,"date":"2026-02-24T11:31:08","date_gmt":"2026-02-24T10:31:08","guid":{"rendered":"https:\/\/imprimeideas.es\/?post_type=product&p=43446"},"modified":"2026-02-26T18:37:35","modified_gmt":"2026-02-26T17:37:35","slug":"funda-limpiadora-bola-golf-hese","status":"publish","type":"product","link":"https:\/\/imprimeideas.es\/en\/product\/funda-limpiadora-bola-golf-hese\/","title":{"rendered":"Funda Limpiadora Bola Golf Hese"},"content":{"rendered":"<p>Funda limpiadora para pelotas de golf fabricada en soft shell. Este pr\u00e1ctico accesorio cuenta con un pa\u00f1o en su interior para limpiar las pelotas de golf de manera c\u00f3moda. Adem\u00e1s, incluye un mosquet\u00f3n giratorio que permite engancharlo f\u00e1cilmente.<\/p>","protected":false},"excerpt":{"rendered":"<p>Funda limpiadora para pelotas de golf fabricada en soft shell. Este pr\u00e1ctico accesorio cuenta con un pa\u00f1o en su interior<\/p>","protected":false},"featured_media":72938,"comment_status":"open","ping_status":"open","template":"","meta":{"inline_featured_image":false},"product_brand":[],"product_cat":[101],"product_tag":[],"class_list":{"0":"post-43446","1":"product","2":"type-product","3":"status-publish","4":"has-post-thumbnail","6":"product_cat-deporte-y-aventura","8":"first","9":"instock","10":"taxable","11":"shipping-taxable","12":"purchasable","13":"product-type-variable","14":"has-default-attributes"},"aioseo_notices":[],"_links":{"self":[{"href":"https:\/\/imprimeideas.es\/en\/wp-json\/wp\/v2\/product\/43446","targetHints":{"allow":["GET"]}}],"collection":[{"href":"https:\/\/imprimeideas.es\/en\/wp-json\/wp\/v2\/product"}],"about":[{"href":"https:\/\/imprimeideas.es\/en\/wp-json\/wp\/v2\/types\/product"}],"replies":[{"embeddable":true,"href":"https:\/\/imprimeideas.es\/en\/wp-json\/wp\/v2\/comments?post=43446"}],"version-history":[{"count":1,"href":"https:\/\/imprimeideas.es\/en\/wp-json\/wp\/v2\/product\/43446\/revisions"}],"predecessor-version":[{"id":55210,"href":"https:\/\/imprimeideas.es\/en\/wp-json\/wp\/v2\/product\/43446\/revisions\/55210"}],"wp:featuredmedia":[{"embeddable":true,"href":"https:\/\/imprimeideas.es\/en\/wp-json\/wp\/v2\/media\/72938"}],"wp:attachment":[{"href":"https:\/\/imprimeideas.es\/en\/wp-json\/wp\/v2\/media?parent=43446"}],"wp:term":[{"taxonomy":"product_brand","embeddable":true,"href":"https:\/\/imprimeideas.es\/en\/wp-json\/wp\/v2\/product_brand?post=43446"},{"taxonomy":"product_cat","embeddable":true,"href":"https:\/\/imprimeideas.es\/en\/wp-json\/wp\/v2\/product_cat?post=43446"},{"taxonomy":"product_tag","embeddable":true,"href":"https:\/\/imprimeideas.es\/en\/wp-json\/wp\/v2\/product_tag?post=43446"}],"curies":[{"name":"wp","href":"https:\/\/api.w.org\/{rel}","templated":true}]}}