{"id":43443,"date":"2026-02-24T11:31:07","date_gmt":"2026-02-24T10:31:07","guid":{"rendered":"https:\/\/imprimeideas.es\/?post_type=product&p=43443"},"modified":"2026-02-26T18:19:33","modified_gmt":"2026-02-26T17:19:33","slug":"soporte-cultard","status":"publish","type":"product","link":"https:\/\/imprimeideas.es\/en\/product\/soporte-cultard\/","title":{"rendered":"Soporte Cultard"},"content":{"rendered":"<p>Ingenioso soporte para smartphone de dise\u00f1o minimalista y especialmente dise\u00f1ado para smartphones tama\u00f1o XXL. Elegante dise\u00f1o negro con detalles en bamb\u00fa, con sistema de fijaci\u00f3n universal que se adapta por el propio peso del tel\u00e9fono, ajustando las pinzas de agarre una vez que se sit\u00faa el dispositivo en el soporte, con base rotatoria 360\u00ba. Para rejilla de ventilaci\u00f3n del autom\u00f3vil y con frontal especialmente dise\u00f1ado para marcaje. Presentado en caja de dise\u00f1o kraft. Materiales como el bamb\u00fa fomentan la utilizaci\u00f3n de materias primas naturales, reduciendo las emisiones contaminantes. Proviene de una planta de gran resistencia y versatilidad, con crecimiento y regeneraci\u00f3n r\u00e1pidos, siendo una excelente alternativa al uso de madera tradicional.<\/p>","protected":false},"excerpt":{"rendered":"<p>Ajustable<\/p>","protected":false},"featured_media":67518,"comment_status":"open","ping_status":"open","template":"","meta":{"inline_featured_image":false},"product_brand":[],"product_cat":[122,110],"product_tag":[],"class_list":{"0":"post-43443","1":"product","2":"type-product","3":"status-publish","4":"has-post-thumbnail","6":"product_cat-articulos-sostenibles","7":"product_cat-herramientas-brico-y-automovil","9":"first","10":"instock","11":"taxable","12":"shipping-taxable","13":"purchasable","14":"product-type-variable","15":"has-default-attributes"},"aioseo_notices":[],"_links":{"self":[{"href":"https:\/\/imprimeideas.es\/en\/wp-json\/wp\/v2\/product\/43443","targetHints":{"allow":["GET"]}}],"collection":[{"href":"https:\/\/imprimeideas.es\/en\/wp-json\/wp\/v2\/product"}],"about":[{"href":"https:\/\/imprimeideas.es\/en\/wp-json\/wp\/v2\/types\/product"}],"replies":[{"embeddable":true,"href":"https:\/\/imprimeideas.es\/en\/wp-json\/wp\/v2\/comments?post=43443"}],"version-history":[{"count":1,"href":"https:\/\/imprimeideas.es\/en\/wp-json\/wp\/v2\/product\/43443\/revisions"}],"predecessor-version":[{"id":55209,"href":"https:\/\/imprimeideas.es\/en\/wp-json\/wp\/v2\/product\/43443\/revisions\/55209"}],"wp:featuredmedia":[{"embeddable":true,"href":"https:\/\/imprimeideas.es\/en\/wp-json\/wp\/v2\/media\/67518"}],"wp:attachment":[{"href":"https:\/\/imprimeideas.es\/en\/wp-json\/wp\/v2\/media?parent=43443"}],"wp:term":[{"taxonomy":"product_brand","embeddable":true,"href":"https:\/\/imprimeideas.es\/en\/wp-json\/wp\/v2\/product_brand?post=43443"},{"taxonomy":"product_cat","embeddable":true,"href":"https:\/\/imprimeideas.es\/en\/wp-json\/wp\/v2\/product_cat?post=43443"},{"taxonomy":"product_tag","embeddable":true,"href":"https:\/\/imprimeideas.es\/en\/wp-json\/wp\/v2\/product_tag?post=43443"}],"curies":[{"name":"wp","href":"https:\/\/api.w.org\/{rel}","templated":true}]}}