{"id":43439,"date":"2026-02-24T11:31:07","date_gmt":"2026-02-24T10:31:07","guid":{"rendered":"https:\/\/imprimeideas.es\/?post_type=product&p=43439"},"modified":"2026-02-26T18:42:31","modified_gmt":"2026-02-26T17:42:31","slug":"soporte-vetel","status":"publish","type":"product","link":"https:\/\/imprimeideas.es\/en\/product\/soporte-vetel\/","title":{"rendered":"Soporte Vetel"},"content":{"rendered":"<p>Ingenioso soporte para smartphone de dise\u00f1o minimalista y especialmente dise\u00f1ado para smartphones tama\u00f1o XXL. Con sistema de fijaci\u00f3n universal que se adapta con el propio peso del tel\u00e9fono, ajustando los enganches de agarre una vez se sit\u00faa el dispositivo en el soporte. Para rejilla de ventilaci\u00f3n del autom\u00f3vil y con frontal especialmente dise\u00f1ado para marcaje. Presentado en caja de dise\u00f1o kraft.<\/p>","protected":false},"excerpt":{"rendered":"<p>Ajustable<\/p>","protected":false},"featured_media":77056,"comment_status":"open","ping_status":"open","template":"","meta":{"inline_featured_image":false},"product_brand":[],"product_cat":[110],"product_tag":[],"class_list":{"0":"post-43439","1":"product","2":"type-product","3":"status-publish","4":"has-post-thumbnail","6":"product_cat-herramientas-brico-y-automovil","8":"first","9":"instock","10":"taxable","11":"shipping-taxable","12":"purchasable","13":"product-type-variable","14":"has-default-attributes"},"aioseo_notices":[],"_links":{"self":[{"href":"https:\/\/imprimeideas.es\/en\/wp-json\/wp\/v2\/product\/43439","targetHints":{"allow":["GET"]}}],"collection":[{"href":"https:\/\/imprimeideas.es\/en\/wp-json\/wp\/v2\/product"}],"about":[{"href":"https:\/\/imprimeideas.es\/en\/wp-json\/wp\/v2\/types\/product"}],"replies":[{"embeddable":true,"href":"https:\/\/imprimeideas.es\/en\/wp-json\/wp\/v2\/comments?post=43439"}],"version-history":[{"count":1,"href":"https:\/\/imprimeideas.es\/en\/wp-json\/wp\/v2\/product\/43439\/revisions"}],"predecessor-version":[{"id":55207,"href":"https:\/\/imprimeideas.es\/en\/wp-json\/wp\/v2\/product\/43439\/revisions\/55207"}],"wp:featuredmedia":[{"embeddable":true,"href":"https:\/\/imprimeideas.es\/en\/wp-json\/wp\/v2\/media\/77056"}],"wp:attachment":[{"href":"https:\/\/imprimeideas.es\/en\/wp-json\/wp\/v2\/media?parent=43439"}],"wp:term":[{"taxonomy":"product_brand","embeddable":true,"href":"https:\/\/imprimeideas.es\/en\/wp-json\/wp\/v2\/product_brand?post=43439"},{"taxonomy":"product_cat","embeddable":true,"href":"https:\/\/imprimeideas.es\/en\/wp-json\/wp\/v2\/product_cat?post=43439"},{"taxonomy":"product_tag","embeddable":true,"href":"https:\/\/imprimeideas.es\/en\/wp-json\/wp\/v2\/product_tag?post=43439"}],"curies":[{"name":"wp","href":"https:\/\/api.w.org\/{rel}","templated":true}]}}