{"id":43433,"date":"2026-02-24T11:31:06","date_gmt":"2026-02-24T10:31:06","guid":{"rendered":"https:\/\/imprimeideas.es\/?post_type=product&p=43433"},"modified":"2026-02-26T18:03:03","modified_gmt":"2026-02-26T17:03:03","slug":"martillo-emergencia-abus","status":"publish","type":"product","link":"https:\/\/imprimeideas.es\/en\/product\/martillo-emergencia-abus\/","title":{"rendered":"Martillo Emergencia Abus"},"content":{"rendered":"<p>Vers\u00e1til martillo de emergencia. Cuenta con tres funciones: una potente linterna con 6 luces COB alimentadas por pilas de bot\u00f3n (incluidas), una punta met\u00e1lica rompecristales y una cuchilla cortacinturones. Zona imantada en parte superior y tira para una mejor sujeci\u00f3n. Presentado en caja individual kraft.<\/p>","protected":false},"excerpt":{"rendered":"<p>6 Luces COB. Magn\u00e9tico. 3 Funciones. Pilas Bot\u00f3n Incluidas<\/p>","protected":false},"featured_media":86161,"comment_status":"open","ping_status":"open","template":"","meta":{"inline_featured_image":false},"product_brand":[],"product_cat":[110],"product_tag":[],"class_list":{"0":"post-43433","1":"product","2":"type-product","3":"status-publish","4":"has-post-thumbnail","6":"product_cat-herramientas-brico-y-automovil","8":"first","9":"outofstock","10":"taxable","11":"shipping-taxable","12":"purchasable","13":"product-type-variable","14":"has-default-attributes"},"aioseo_notices":[],"_links":{"self":[{"href":"https:\/\/imprimeideas.es\/en\/wp-json\/wp\/v2\/product\/43433","targetHints":{"allow":["GET"]}}],"collection":[{"href":"https:\/\/imprimeideas.es\/en\/wp-json\/wp\/v2\/product"}],"about":[{"href":"https:\/\/imprimeideas.es\/en\/wp-json\/wp\/v2\/types\/product"}],"replies":[{"embeddable":true,"href":"https:\/\/imprimeideas.es\/en\/wp-json\/wp\/v2\/comments?post=43433"}],"version-history":[{"count":1,"href":"https:\/\/imprimeideas.es\/en\/wp-json\/wp\/v2\/product\/43433\/revisions"}],"predecessor-version":[{"id":55205,"href":"https:\/\/imprimeideas.es\/en\/wp-json\/wp\/v2\/product\/43433\/revisions\/55205"}],"wp:featuredmedia":[{"embeddable":true,"href":"https:\/\/imprimeideas.es\/en\/wp-json\/wp\/v2\/media\/86161"}],"wp:attachment":[{"href":"https:\/\/imprimeideas.es\/en\/wp-json\/wp\/v2\/media?parent=43433"}],"wp:term":[{"taxonomy":"product_brand","embeddable":true,"href":"https:\/\/imprimeideas.es\/en\/wp-json\/wp\/v2\/product_brand?post=43433"},{"taxonomy":"product_cat","embeddable":true,"href":"https:\/\/imprimeideas.es\/en\/wp-json\/wp\/v2\/product_cat?post=43433"},{"taxonomy":"product_tag","embeddable":true,"href":"https:\/\/imprimeideas.es\/en\/wp-json\/wp\/v2\/product_tag?post=43433"}],"curies":[{"name":"wp","href":"https:\/\/api.w.org\/{rel}","templated":true}]}}