{"id":43425,"date":"2026-02-24T11:31:05","date_gmt":"2026-02-24T10:31:05","guid":{"rendered":"https:\/\/imprimeideas.es\/?post_type=product&p=43425"},"modified":"2026-02-26T18:19:37","modified_gmt":"2026-02-26T17:19:37","slug":"soporte-dazler","status":"publish","type":"product","link":"https:\/\/imprimeideas.es\/en\/product\/soporte-dazler\/","title":{"rendered":"Soporte Dazler"},"content":{"rendered":"<p>Resistente soporte fabricado en ABS. F\u00e1cil instalaci\u00f3n mediante el gancho abierto dise\u00f1ado para colocarse en el reposacabezas, con soporte para dispositivos m\u00f3viles y dos ganchos adicionales para bolsas. Presentado en bolsa individual.<\/p>","protected":false},"excerpt":{"rendered":"<p>Resistente soporte fabricado en ABS. F\u00e1cil instalaci\u00f3n mediante el gancho abierto dise\u00f1ado para colocarse en el reposacabezas, con soporte para<\/p>","protected":false},"featured_media":62086,"comment_status":"open","ping_status":"open","template":"","meta":{"inline_featured_image":false},"product_brand":[],"product_cat":[110],"product_tag":[],"class_list":{"0":"post-43425","1":"product","2":"type-product","3":"status-publish","4":"has-post-thumbnail","6":"product_cat-herramientas-brico-y-automovil","8":"first","9":"instock","10":"taxable","11":"shipping-taxable","12":"purchasable","13":"product-type-variable","14":"has-default-attributes"},"aioseo_notices":[],"_links":{"self":[{"href":"https:\/\/imprimeideas.es\/en\/wp-json\/wp\/v2\/product\/43425","targetHints":{"allow":["GET"]}}],"collection":[{"href":"https:\/\/imprimeideas.es\/en\/wp-json\/wp\/v2\/product"}],"about":[{"href":"https:\/\/imprimeideas.es\/en\/wp-json\/wp\/v2\/types\/product"}],"replies":[{"embeddable":true,"href":"https:\/\/imprimeideas.es\/en\/wp-json\/wp\/v2\/comments?post=43425"}],"version-history":[{"count":1,"href":"https:\/\/imprimeideas.es\/en\/wp-json\/wp\/v2\/product\/43425\/revisions"}],"predecessor-version":[{"id":55201,"href":"https:\/\/imprimeideas.es\/en\/wp-json\/wp\/v2\/product\/43425\/revisions\/55201"}],"wp:featuredmedia":[{"embeddable":true,"href":"https:\/\/imprimeideas.es\/en\/wp-json\/wp\/v2\/media\/62086"}],"wp:attachment":[{"href":"https:\/\/imprimeideas.es\/en\/wp-json\/wp\/v2\/media?parent=43425"}],"wp:term":[{"taxonomy":"product_brand","embeddable":true,"href":"https:\/\/imprimeideas.es\/en\/wp-json\/wp\/v2\/product_brand?post=43425"},{"taxonomy":"product_cat","embeddable":true,"href":"https:\/\/imprimeideas.es\/en\/wp-json\/wp\/v2\/product_cat?post=43425"},{"taxonomy":"product_tag","embeddable":true,"href":"https:\/\/imprimeideas.es\/en\/wp-json\/wp\/v2\/product_tag?post=43425"}],"curies":[{"name":"wp","href":"https:\/\/api.w.org\/{rel}","templated":true}]}}