{"id":43422,"date":"2026-02-24T11:31:05","date_gmt":"2026-02-24T10:31:05","guid":{"rendered":"https:\/\/imprimeideas.es\/?post_type=product&p=43422"},"modified":"2026-02-26T18:33:01","modified_gmt":"2026-02-26T17:33:01","slug":"parasol-eldoris","status":"publish","type":"product","link":"https:\/\/imprimeideas.es\/en\/product\/parasol-eldoris\/","title":{"rendered":"Parasol Eldoris"},"content":{"rendered":"<p>Resistente parasol de aluminio en una cara, dise\u00f1ado para situarlo en el exterior de la luna delantera y como protecci\u00f3n ante fen\u00f3menos adversos como la nieve. Incluye dos solapas laterales que se ajustan entre el marco y las puertas del veh\u00edculo, proporcionando un aislamiento adicional a la luna delantera. Enrollable y con gomas para un f\u00e1cil almacenamiento.Presentado en bolsa individual reciclada.<\/p>","protected":false},"excerpt":{"rendered":"<p>Resistente parasol de aluminio en una cara, dise\u00f1ado para situarlo en el exterior de la luna delantera y como protecci\u00f3n<\/p>","protected":false},"featured_media":78516,"comment_status":"open","ping_status":"open","template":"","meta":{"inline_featured_image":false},"product_brand":[],"product_cat":[110],"product_tag":[],"class_list":{"0":"post-43422","1":"product","2":"type-product","3":"status-publish","4":"has-post-thumbnail","6":"product_cat-herramientas-brico-y-automovil","8":"first","9":"instock","10":"taxable","11":"shipping-taxable","12":"purchasable","13":"product-type-variable","14":"has-default-attributes"},"aioseo_notices":[],"_links":{"self":[{"href":"https:\/\/imprimeideas.es\/en\/wp-json\/wp\/v2\/product\/43422","targetHints":{"allow":["GET"]}}],"collection":[{"href":"https:\/\/imprimeideas.es\/en\/wp-json\/wp\/v2\/product"}],"about":[{"href":"https:\/\/imprimeideas.es\/en\/wp-json\/wp\/v2\/types\/product"}],"replies":[{"embeddable":true,"href":"https:\/\/imprimeideas.es\/en\/wp-json\/wp\/v2\/comments?post=43422"}],"version-history":[{"count":1,"href":"https:\/\/imprimeideas.es\/en\/wp-json\/wp\/v2\/product\/43422\/revisions"}],"predecessor-version":[{"id":55200,"href":"https:\/\/imprimeideas.es\/en\/wp-json\/wp\/v2\/product\/43422\/revisions\/55200"}],"wp:featuredmedia":[{"embeddable":true,"href":"https:\/\/imprimeideas.es\/en\/wp-json\/wp\/v2\/media\/78516"}],"wp:attachment":[{"href":"https:\/\/imprimeideas.es\/en\/wp-json\/wp\/v2\/media?parent=43422"}],"wp:term":[{"taxonomy":"product_brand","embeddable":true,"href":"https:\/\/imprimeideas.es\/en\/wp-json\/wp\/v2\/product_brand?post=43422"},{"taxonomy":"product_cat","embeddable":true,"href":"https:\/\/imprimeideas.es\/en\/wp-json\/wp\/v2\/product_cat?post=43422"},{"taxonomy":"product_tag","embeddable":true,"href":"https:\/\/imprimeideas.es\/en\/wp-json\/wp\/v2\/product_tag?post=43422"}],"curies":[{"name":"wp","href":"https:\/\/api.w.org\/{rel}","templated":true}]}}