{"id":43420,"date":"2026-02-24T11:31:05","date_gmt":"2026-02-24T10:31:05","guid":{"rendered":"https:\/\/imprimeideas.es\/?post_type=product&p=43420"},"modified":"2026-02-26T18:13:39","modified_gmt":"2026-02-26T17:13:39","slug":"parasol-harmuny","status":"publish","type":"product","link":"https:\/\/imprimeideas.es\/en\/product\/parasol-harmuny\/","title":{"rendered":"Parasol Harmuny"},"content":{"rendered":"<p>Parasol en aluminio con burbuja en ambas caras y de tama\u00f1o 130&#215;70 cm. Acabado plateado metalizado, con original dise\u00f1o sin ribetes. F\u00e1cil y r\u00e1pido de plegar, con cierre de corchete. Presentaci\u00f3n desplegado en plancha para una \u00f3ptima impresi\u00f3n, con bolsas aparte.<\/p>","protected":false},"excerpt":{"rendered":"<p>Parasol en aluminio con burbuja en ambas caras y de tama\u00f1o 130&#215;70 cm. Acabado plateado metalizado, con original dise\u00f1o sin<\/p>","protected":false},"featured_media":77505,"comment_status":"open","ping_status":"open","template":"","meta":{"inline_featured_image":false},"product_brand":[],"product_cat":[110],"product_tag":[],"class_list":{"0":"post-43420","1":"product","2":"type-product","3":"status-publish","4":"has-post-thumbnail","6":"product_cat-herramientas-brico-y-automovil","8":"first","9":"instock","10":"taxable","11":"shipping-taxable","12":"purchasable","13":"product-type-variable","14":"has-default-attributes"},"aioseo_notices":[],"_links":{"self":[{"href":"https:\/\/imprimeideas.es\/en\/wp-json\/wp\/v2\/product\/43420","targetHints":{"allow":["GET"]}}],"collection":[{"href":"https:\/\/imprimeideas.es\/en\/wp-json\/wp\/v2\/product"}],"about":[{"href":"https:\/\/imprimeideas.es\/en\/wp-json\/wp\/v2\/types\/product"}],"replies":[{"embeddable":true,"href":"https:\/\/imprimeideas.es\/en\/wp-json\/wp\/v2\/comments?post=43420"}],"version-history":[{"count":1,"href":"https:\/\/imprimeideas.es\/en\/wp-json\/wp\/v2\/product\/43420\/revisions"}],"predecessor-version":[{"id":55199,"href":"https:\/\/imprimeideas.es\/en\/wp-json\/wp\/v2\/product\/43420\/revisions\/55199"}],"wp:featuredmedia":[{"embeddable":true,"href":"https:\/\/imprimeideas.es\/en\/wp-json\/wp\/v2\/media\/77505"}],"wp:attachment":[{"href":"https:\/\/imprimeideas.es\/en\/wp-json\/wp\/v2\/media?parent=43420"}],"wp:term":[{"taxonomy":"product_brand","embeddable":true,"href":"https:\/\/imprimeideas.es\/en\/wp-json\/wp\/v2\/product_brand?post=43420"},{"taxonomy":"product_cat","embeddable":true,"href":"https:\/\/imprimeideas.es\/en\/wp-json\/wp\/v2\/product_cat?post=43420"},{"taxonomy":"product_tag","embeddable":true,"href":"https:\/\/imprimeideas.es\/en\/wp-json\/wp\/v2\/product_tag?post=43420"}],"curies":[{"name":"wp","href":"https:\/\/api.w.org\/{rel}","templated":true}]}}